
{"id":112,"date":"2025-08-09T12:02:00","date_gmt":"2025-08-09T10:02:00","guid":{"rendered":"https:\/\/bsm-aic.pl\/nowa_strona\/?page_id=112"},"modified":"2025-08-12T18:07:25","modified_gmt":"2025-08-12T16:07:25","slug":"bar-mleczny","status":"publish","type":"page","link":"https:\/\/bsm-aic.pl\/nowa_strona\/index.php\/bar-mleczny\/","title":{"rendered":"Bar Mleczny"},"content":{"rendered":"\n<p class=\"has-text-align-center\">Prezentujemy najnowsze osi\u0105gni\u0119cie Naszego Stowarzyszenia Wincenty\u0144skiego \u2764 Projekt \u201cBar Mleczny dla Ubogich\u201d. To wszystko jest wynikiem tylko i WY\u0141\u0104CZNIE Waszego zaanga\u017cowania! Dla ka\u017cdego, kto przyczyni\u0142 si\u0119 do wdro\u017cenia tego przedsi\u0119wzi\u0119cia, serdecznie BARDZO WAM DZI\u0118KUJEMY! \u2764<\/p>\n\n\n\n<p class=\"has-text-align-center\">Je\u015bli ktokolwiek z Was mia\u0142by ch\u0119\u0107 wesprze\u0107 nasz\u0105 inicjatyw\u0119:<\/p>\n\n\n\n<p class=\"has-text-align-center\"><strong>Numer konta: PKO Bank Polski 75 1020 1475 0000 8002 0127 3739<\/strong>\u00a0z adnotacj\u0105\u00a0<strong>\u201cBAR MLECZNY\u201d<\/strong>!<br>Jeste\u015bcie niezwykli!<\/p>\n\n\n\n<p class=\"has-text-align-center\"><br><\/p>\n\n\n\n<figure class=\"wp-block-image aligncenter size-full\"><img loading=\"lazy\" decoding=\"async\" width=\"960\" height=\"540\" src=\"https:\/\/bsm-aic.pl\/nowa_strona\/wp-content\/uploads\/2025\/08\/obraz_2025-08-12_180507710.png\" alt=\"\" class=\"wp-image-148\" srcset=\"https:\/\/bsm-aic.pl\/nowa_strona\/wp-content\/uploads\/2025\/08\/obraz_2025-08-12_180507710.png 960w, https:\/\/bsm-aic.pl\/nowa_strona\/wp-content\/uploads\/2025\/08\/obraz_2025-08-12_180507710-300x169.png 300w, https:\/\/bsm-aic.pl\/nowa_strona\/wp-content\/uploads\/2025\/08\/obraz_2025-08-12_180507710-768x432.png 768w\" sizes=\"auto, (max-width: 960px) 100vw, 960px\" \/><\/figure>\n","protected":false},"excerpt":{"rendered":"<p>Prezentujemy najnowsze osi\u0105gni\u0119cie Naszego Stowarzyszenia Wincenty\u0144skiego \u2764 Projekt \u201cBar Mleczny dla Ubogich\u201d. To wszystko jest wynikiem tylko i WY\u0141\u0104CZNIE Waszego zaanga\u017cowania! Dla ka\u017cdego, kto przyczyni\u0142 si\u0119 do wdro\u017cenia tego przedsi\u0119wzi\u0119cia, serdecznie BARDZO WAM DZI\u0118KUJEMY! \u2764 Je\u015bli ktokolwiek z Was mia\u0142by ch\u0119\u0107 wesprze\u0107 nasz\u0105 inicjatyw\u0119: Numer konta: PKO Bank Polski 75 1020 1475 0000 8002 0127 [&hellip;]<\/p>\n","protected":false},"author":1,"featured_media":0,"parent":0,"menu_order":0,"comment_status":"closed","ping_status":"closed","template":"","meta":{"_uag_custom_page_level_css":"","footnotes":""},"class_list":["post-112","page","type-page","status-publish","hentry"],"uagb_featured_image_src":{"full":false,"thumbnail":false,"medium":false,"medium_large":false,"large":false,"1536x1536":false,"2048x2048":false},"uagb_author_info":{"display_name":"majkel","author_link":"https:\/\/bsm-aic.pl\/nowa_strona\/index.php\/author\/majkel\/"},"uagb_comment_info":0,"uagb_excerpt":"Prezentujemy najnowsze osi\u0105gni\u0119cie Naszego Stowarzyszenia Wincenty\u0144skiego \u2764 Projekt \u201cBar Mleczny dla Ubogich\u201d. To wszystko jest wynikiem tylko i WY\u0141\u0104CZNIE Waszego zaanga\u017cowania! Dla ka\u017cdego, kto przyczyni\u0142 si\u0119 do wdro\u017cenia tego przedsi\u0119wzi\u0119cia, serdecznie BARDZO WAM DZI\u0118KUJEMY! \u2764 Je\u015bli ktokolwiek z Was mia\u0142by ch\u0119\u0107 wesprze\u0107 nasz\u0105 inicjatyw\u0119: Numer konta: PKO Bank Polski 75 1020 1475 0000 8002 0127&hellip;","_links":{"self":[{"href":"https:\/\/bsm-aic.pl\/nowa_strona\/index.php\/wp-json\/wp\/v2\/pages\/112","targetHints":{"allow":["GET"]}}],"collection":[{"href":"https:\/\/bsm-aic.pl\/nowa_strona\/index.php\/wp-json\/wp\/v2\/pages"}],"about":[{"href":"https:\/\/bsm-aic.pl\/nowa_strona\/index.php\/wp-json\/wp\/v2\/types\/page"}],"author":[{"embeddable":true,"href":"https:\/\/bsm-aic.pl\/nowa_strona\/index.php\/wp-json\/wp\/v2\/users\/1"}],"replies":[{"embeddable":true,"href":"https:\/\/bsm-aic.pl\/nowa_strona\/index.php\/wp-json\/wp\/v2\/comments?post=112"}],"version-history":[{"count":6,"href":"https:\/\/bsm-aic.pl\/nowa_strona\/index.php\/wp-json\/wp\/v2\/pages\/112\/revisions"}],"predecessor-version":[{"id":150,"href":"https:\/\/bsm-aic.pl\/nowa_strona\/index.php\/wp-json\/wp\/v2\/pages\/112\/revisions\/150"}],"wp:attachment":[{"href":"https:\/\/bsm-aic.pl\/nowa_strona\/index.php\/wp-json\/wp\/v2\/media?parent=112"}],"curies":[{"name":"wp","href":"https:\/\/api.w.org\/{rel}","templated":true}]}}