
{"id":114,"date":"2025-08-09T12:02:18","date_gmt":"2025-08-09T10:02:18","guid":{"rendered":"https:\/\/bsm-aic.pl\/nowa_strona\/?page_id=114"},"modified":"2025-10-13T21:29:10","modified_gmt":"2025-10-13T19:29:10","slug":"sklep-charytatywny","status":"publish","type":"page","link":"https:\/\/bsm-aic.pl\/nowa_strona\/index.php\/sklep-charytatywny\/","title":{"rendered":"Sklep Charytatywny"},"content":{"rendered":"\n<p class=\"has-text-align-center\">Z rado\u015bci\u0105 informujemy, \u017ce od stycznia dzia\u0142a sklep charytatywny prowadzony przez nasze Stowarzyszenie. To miejsce, gdzie ka\u017cdy mo\u017ce znale\u017a\u0107 potrzebne rzeczy, a jednocze\u015bnie wesprze\u0107 osoby w trudnej sytuacji \u017cyciowej. \u2764<\/p>\n\n\n\n<ul class=\"wp-block-list\">\n<li>\u00bb ubrania,<\/li>\n\n\n\n<li>\u00bb buty,<\/li>\n\n\n\n<li>\u00bb zabawki,<\/li>\n\n\n\n<li>\u00bb naczynia,<\/li>\n\n\n\n<li>\u00bb drobny sprz\u0119t AGD.<\/li>\n<\/ul>\n\n\n\n<p class=\"has-text-align-center\">Cz\u0119\u015b\u0107 asortymentu jest dost\u0119pna bezp\u0142atnie, inne przedmioty mo\u017cna naby\u0107 za symboliczn\u0105 op\u0142at\u0105. Zebrane \u015brodki przeznaczamy na pomoc potrzebuj\u0105cym oraz utrzymanie punktu.\u200b<\/p>\n\n\n\n<blockquote class=\"wp-block-quote is-layout-flow wp-block-quote-is-layout-flow\">\n<p class=\"has-text-align-center\">Jedna cz\u0119\u015b\u0107, przy wej\u015bciu, jest bezp\u0142atna. Ka\u017cdy b\u0119dzie m\u00f3g\u0142 sobie wybra\u0107 to, czego potrzebuje. Natomiast takie ju\u017c lepsze rzeczy, nowe lub bardzo \u0142adne u\u017cywane b\u0119dzie mo\u017cna uzyska\u0107 za niewielkie pieni\u0105dze. Czy to b\u0119dzie 5 z\u0142 czy 10 z\u0142, na utrzymanie tego punktu i pomoc potrzebuj\u0105cym. Chcemy jedno z drugim po\u0142\u0105czy\u0107.~ wolontariusz Adam Jaworski dla ESKA Bydgoszcz<\/p>\n<\/blockquote>\n\n\n\n<blockquote class=\"wp-block-quote is-layout-flow wp-block-quote-is-layout-flow\">\n<p class=\"has-text-align-center\">Tu mo\u017cna znale\u017a\u0107 wszystko. Nie tylko ubrania, ale i zabawki, smoczki, butelki dla dzieci. Mo\u017cna te\u017c przynie\u015b\u0107 r\u00f3wnie\u017c, co zalega w&nbsp;domu i przeznaczy\u0107 na ten szczytny cel. Tu do koszyczka wtedy podchodzimy.~ jedna z pierwszych klientek sklepu dla ESKA Bydgoszcz<\/p>\n<\/blockquote>\n\n\n\n<ul class=\"wp-block-list\">\n<li>\u00bb wtorki,<\/li>\n\n\n\n<li>\u00bb \u015brody,<\/li>\n\n\n\n<li>\u00bb czwartki<\/li>\n<\/ul>\n\n\n\n<p class=\"has-text-align-center\">Wcze\u015bniej swoj\u0105 siedzib\u0119 mia\u0142o tu stowarzyszenie&nbsp;<a href=\"https:\/\/www.facebook.com\/dziekiwam\" target=\"_blank\" rel=\"noreferrer noopener\">,,Dzi\u0119ki Wam&#8221;<\/a>. Wolontariusze tego stowarzyszenia przez kilka lat pomagali mi\u0119dzy innymi uchod\u017acom z Ukrainy.<\/p>\n\n\n\n<p class=\"has-text-align-center\">Zach\u0119camy do przynoszenia rzeczy w dobrym stanie, kt\u00f3re mog\u0105 pos\u0142u\u017cy\u0107 innym. W ten spos\u00f3b wsp\u00f3lnie tworzymy przestrze\u0144 wsparcia i solidarno\u015bci. \u2764<br><br>Kontakt: <br>+48 519 482 729<\/p>\n\n\n\n<figure class=\"wp-block-image aligncenter size-full\"><img loading=\"lazy\" decoding=\"async\" width=\"664\" height=\"373\" src=\"https:\/\/bsm-aic.pl\/nowa_strona\/wp-content\/uploads\/2025\/08\/image-1.png\" alt=\"\" class=\"wp-image-172\" srcset=\"https:\/\/bsm-aic.pl\/nowa_strona\/wp-content\/uploads\/2025\/08\/image-1.png 664w, https:\/\/bsm-aic.pl\/nowa_strona\/wp-content\/uploads\/2025\/08\/image-1-300x169.png 300w\" sizes=\"auto, (max-width: 664px) 100vw, 664px\" \/><\/figure>\n\n\n\n<figure class=\"wp-block-image aligncenter size-large\"><img loading=\"lazy\" decoding=\"async\" width=\"1024\" height=\"332\" src=\"https:\/\/bsm-aic.pl\/nowa_strona\/wp-content\/uploads\/2025\/08\/obraz_2025-08-12_204717606-1024x332.png\" alt=\"\" class=\"wp-image-174\" srcset=\"https:\/\/bsm-aic.pl\/nowa_strona\/wp-content\/uploads\/2025\/08\/obraz_2025-08-12_204717606-1024x332.png 1024w, https:\/\/bsm-aic.pl\/nowa_strona\/wp-content\/uploads\/2025\/08\/obraz_2025-08-12_204717606-300x97.png 300w, https:\/\/bsm-aic.pl\/nowa_strona\/wp-content\/uploads\/2025\/08\/obraz_2025-08-12_204717606-768x249.png 768w, https:\/\/bsm-aic.pl\/nowa_strona\/wp-content\/uploads\/2025\/08\/obraz_2025-08-12_204717606-1536x498.png 1536w, https:\/\/bsm-aic.pl\/nowa_strona\/wp-content\/uploads\/2025\/08\/obraz_2025-08-12_204717606.png 1920w\" sizes=\"auto, (max-width: 1024px) 100vw, 1024px\" \/><\/figure>\n\n\n\n<figure class=\"wp-block-image aligncenter size-medium\"><img loading=\"lazy\" decoding=\"async\" width=\"300\" height=\"300\" src=\"https:\/\/bsm-aic.pl\/nowa_strona\/wp-content\/uploads\/2025\/08\/obraz_2025-08-12_204728185-300x300.png\" alt=\"\" class=\"wp-image-175\" srcset=\"https:\/\/bsm-aic.pl\/nowa_strona\/wp-content\/uploads\/2025\/08\/obraz_2025-08-12_204728185-300x300.png 300w, https:\/\/bsm-aic.pl\/nowa_strona\/wp-content\/uploads\/2025\/08\/obraz_2025-08-12_204728185-150x150.png 150w, https:\/\/bsm-aic.pl\/nowa_strona\/wp-content\/uploads\/2025\/08\/obraz_2025-08-12_204728185-768x768.png 768w, https:\/\/bsm-aic.pl\/nowa_strona\/wp-content\/uploads\/2025\/08\/obraz_2025-08-12_204728185.png 800w\" sizes=\"auto, (max-width: 300px) 100vw, 300px\" \/><\/figure>\n","protected":false},"excerpt":{"rendered":"<p>Z rado\u015bci\u0105 informujemy, \u017ce od stycznia dzia\u0142a sklep charytatywny prowadzony przez nasze Stowarzyszenie. To miejsce, gdzie ka\u017cdy mo\u017ce znale\u017a\u0107 potrzebne rzeczy, a jednocze\u015bnie wesprze\u0107 osoby w trudnej sytuacji \u017cyciowej. \u2764 Cz\u0119\u015b\u0107 asortymentu jest dost\u0119pna bezp\u0142atnie, inne przedmioty mo\u017cna naby\u0107 za symboliczn\u0105 op\u0142at\u0105. Zebrane \u015brodki przeznaczamy na pomoc potrzebuj\u0105cym oraz utrzymanie punktu.\u200b Jedna cz\u0119\u015b\u0107, przy wej\u015bciu, [&hellip;]<\/p>\n","protected":false},"author":1,"featured_media":0,"parent":0,"menu_order":0,"comment_status":"closed","ping_status":"closed","template":"","meta":{"_uag_custom_page_level_css":"","footnotes":""},"class_list":["post-114","page","type-page","status-publish","hentry"],"uagb_featured_image_src":{"full":false,"thumbnail":false,"medium":false,"medium_large":false,"large":false,"1536x1536":false,"2048x2048":false},"uagb_author_info":{"display_name":"majkel","author_link":"https:\/\/bsm-aic.pl\/nowa_strona\/index.php\/author\/majkel\/"},"uagb_comment_info":0,"uagb_excerpt":"Z rado\u015bci\u0105 informujemy, \u017ce od stycznia dzia\u0142a sklep charytatywny prowadzony przez nasze Stowarzyszenie. To miejsce, gdzie ka\u017cdy mo\u017ce znale\u017a\u0107 potrzebne rzeczy, a jednocze\u015bnie wesprze\u0107 osoby w trudnej sytuacji \u017cyciowej. \u2764 Cz\u0119\u015b\u0107 asortymentu jest dost\u0119pna bezp\u0142atnie, inne przedmioty mo\u017cna naby\u0107 za symboliczn\u0105 op\u0142at\u0105. Zebrane \u015brodki przeznaczamy na pomoc potrzebuj\u0105cym oraz utrzymanie punktu.\u200b Jedna cz\u0119\u015b\u0107, przy wej\u015bciu,&hellip;","_links":{"self":[{"href":"https:\/\/bsm-aic.pl\/nowa_strona\/index.php\/wp-json\/wp\/v2\/pages\/114","targetHints":{"allow":["GET"]}}],"collection":[{"href":"https:\/\/bsm-aic.pl\/nowa_strona\/index.php\/wp-json\/wp\/v2\/pages"}],"about":[{"href":"https:\/\/bsm-aic.pl\/nowa_strona\/index.php\/wp-json\/wp\/v2\/types\/page"}],"author":[{"embeddable":true,"href":"https:\/\/bsm-aic.pl\/nowa_strona\/index.php\/wp-json\/wp\/v2\/users\/1"}],"replies":[{"embeddable":true,"href":"https:\/\/bsm-aic.pl\/nowa_strona\/index.php\/wp-json\/wp\/v2\/comments?post=114"}],"version-history":[{"count":5,"href":"https:\/\/bsm-aic.pl\/nowa_strona\/index.php\/wp-json\/wp\/v2\/pages\/114\/revisions"}],"predecessor-version":[{"id":565,"href":"https:\/\/bsm-aic.pl\/nowa_strona\/index.php\/wp-json\/wp\/v2\/pages\/114\/revisions\/565"}],"wp:attachment":[{"href":"https:\/\/bsm-aic.pl\/nowa_strona\/index.php\/wp-json\/wp\/v2\/media?parent=114"}],"curies":[{"name":"wp","href":"https:\/\/api.w.org\/{rel}","templated":true}]}}