
{"id":116,"date":"2025-08-09T12:02:39","date_gmt":"2025-08-09T10:02:39","guid":{"rendered":"https:\/\/bsm-aic.pl\/nowa_strona\/?page_id=116"},"modified":"2025-09-01T20:05:45","modified_gmt":"2025-09-01T18:05:45","slug":"ogrzewalnia-u-miecia","status":"publish","type":"page","link":"https:\/\/bsm-aic.pl\/nowa_strona\/index.php\/ogrzewalnia-u-miecia\/","title":{"rendered":"Ogrzewalnia &#8222;U miecia&#8221;"},"content":{"rendered":"\n<p class=\"has-text-align-center\">Ogrzewalnia \u201cU Miecia\u201d zosta\u0142a otwarta 18 Pa\u017adziernika 2021 r. Jej nazwa jest swoistym uhonorowaniem \u015bp. ks. Mieczys\u0142awa Koz\u0142owskiego CM \u2013 dawnego proboszcza Bazyliki, dla kt\u00f3rego powstanie ogrzewalni by\u0142o bardzo wa\u017cne.<\/p>\n\n\n\n<p class=\"has-text-align-center\">Wej\u015bcie do pomieszcze\u0144 ogrzewalni mie\u015bci si\u0119 z ty\u0142u lewego skrzyd\u0142a bazyliki \u015bw. Wincentego a Paulo przy al. Ossoli\u0144skich 2. Zagospodarowane na ten cel pomieszczenia s\u0105 wstanie pomie\u015bci\u0107 ok. 50 os\u00f3b. Zawieraj\u0105 one: sale noclegowe, \u0142a\u017anie, pralni\u0119 oraz recepcj\u0119. Ogrzewalnia ta jest dedykowana bezdomnym m\u0119\u017cczyznom. Czynna jest od ok. 17:00 do rana. Warunkiem, jaki musi spe\u0142ni\u0107 osoba bezdomna aby by\u0142a przyj\u0119ta, jest trze\u017awo\u015b\u0107.<\/p>\n\n\n\n<p class=\"has-text-align-center\">Dy\u017cur w ogrzewalni pe\u0142ni\u0105 br. Piotr \u2013 terapeuta, wolontariusze akcji&nbsp;<a href=\"https:\/\/www.facebook.com\/bazylikapomaga\" target=\"_blank\" rel=\"noreferrer noopener\">#BazylikaPomaga<\/a>, cz\u0142onkowie&nbsp;<a href=\"https:\/\/www.facebook.com\/MlodziezMisjonarska\" target=\"_blank\" rel=\"noreferrer noopener\">&nbsp;M\u0142odzie\u017cy Misjonarskiej<\/a>&nbsp;oraz osoby, kt\u00f3re wysz\u0142y z bezdomno\u015bci. Dzi\u0119ki po\u015bwi\u0119ceniu i ci\u0119\u017ckiej pracy Ksi\u0119\u017cy Misjonarzy oraz wolontariuszy, bezdomni mog\u0105 poczu\u0107 atmosfer\u0119 domowego ciep\u0142a, a tak\u017ce odkry\u0107 na nowo swoj\u0105 godno\u015b\u0107 \u2013 a to w olbrzymim stopniu przyczynia si\u0119 do ich walki o swoje \u017cycie i wyj\u015bcie z bezdomno\u015bci.<\/p>\n\n\n\n<blockquote class=\"wp-block-quote is-layout-flow wp-block-quote-is-layout-flow\">\n<p class=\"has-text-align-center has-medium-font-size\"><em>Gdy otoczeni szacunkiem i pomoc\u0105 ludzie widz\u0105, \u017ce kto\u015b walczy o ich lepsze \u017cycie, sami zaczynaj\u0105 o nie walczy\u0107.~ ks. S\u0142awomir Bar CM<\/em><\/p>\n<\/blockquote>\n\n\n\n<figure class=\"wp-block-image aligncenter size-full\"><img loading=\"lazy\" decoding=\"async\" width=\"640\" height=\"864\" src=\"https:\/\/bsm-aic.pl\/nowa_strona\/wp-content\/uploads\/2025\/09\/obraz_2025-09-01_200451068.png\" alt=\"\" class=\"wp-image-487\" srcset=\"https:\/\/bsm-aic.pl\/nowa_strona\/wp-content\/uploads\/2025\/09\/obraz_2025-09-01_200451068.png 640w, https:\/\/bsm-aic.pl\/nowa_strona\/wp-content\/uploads\/2025\/09\/obraz_2025-09-01_200451068-222x300.png 222w\" sizes=\"auto, (max-width: 640px) 100vw, 640px\" \/><\/figure>\n\n\n\n<figure class=\"wp-block-image aligncenter size-full\"><img loading=\"lazy\" decoding=\"async\" width=\"720\" height=\"480\" src=\"https:\/\/bsm-aic.pl\/nowa_strona\/wp-content\/uploads\/2025\/09\/obraz_2025-09-01_200523286.png\" alt=\"\" class=\"wp-image-490\" srcset=\"https:\/\/bsm-aic.pl\/nowa_strona\/wp-content\/uploads\/2025\/09\/obraz_2025-09-01_200523286.png 720w, https:\/\/bsm-aic.pl\/nowa_strona\/wp-content\/uploads\/2025\/09\/obraz_2025-09-01_200523286-300x200.png 300w\" sizes=\"auto, (max-width: 720px) 100vw, 720px\" \/><\/figure>\n\n\n\n<p class=\"has-text-align-center\">M\u0119\u017cczy\u017ani chc\u0105cy ubiega\u0107 si\u0119 o przyj\u0119cie do ogrzewalni zobowi\u0105zani s\u0105 do:<br><\/p>\n\n\n\n<ul class=\"wp-block-list\">\n<li>\u00bb okazania za\u015bwiadczenia od lekarza o braku przeciwwskaza\u0144 do pobytu <br>w tym miejscu,<\/li>\n\n\n\n<li>\u00bb posiadania dokumentu to\u017csamo\u015bci lub za\u015bwiadczenia o jego wyrabianiu,<\/li>\n\n\n\n<li>\u00bb wyra\u017cenia wymaganych zg\u00f3d w procesie przyj\u0119cia.<\/li>\n<\/ul>\n","protected":false},"excerpt":{"rendered":"<p>Ogrzewalnia \u201cU Miecia\u201d zosta\u0142a otwarta 18 Pa\u017adziernika 2021 r. Jej nazwa jest swoistym uhonorowaniem \u015bp. ks. Mieczys\u0142awa Koz\u0142owskiego CM \u2013 dawnego proboszcza Bazyliki, dla kt\u00f3rego powstanie ogrzewalni by\u0142o bardzo wa\u017cne. Wej\u015bcie do pomieszcze\u0144 ogrzewalni mie\u015bci si\u0119 z ty\u0142u lewego skrzyd\u0142a bazyliki \u015bw. Wincentego a Paulo przy al. Ossoli\u0144skich 2. Zagospodarowane na ten cel pomieszczenia s\u0105 [&hellip;]<\/p>\n","protected":false},"author":1,"featured_media":0,"parent":0,"menu_order":0,"comment_status":"closed","ping_status":"closed","template":"","meta":{"_uag_custom_page_level_css":"","footnotes":""},"class_list":["post-116","page","type-page","status-publish","hentry"],"uagb_featured_image_src":{"full":false,"thumbnail":false,"medium":false,"medium_large":false,"large":false,"1536x1536":false,"2048x2048":false},"uagb_author_info":{"display_name":"majkel","author_link":"https:\/\/bsm-aic.pl\/nowa_strona\/index.php\/author\/majkel\/"},"uagb_comment_info":0,"uagb_excerpt":"Ogrzewalnia \u201cU Miecia\u201d zosta\u0142a otwarta 18 Pa\u017adziernika 2021 r. Jej nazwa jest swoistym uhonorowaniem \u015bp. ks. Mieczys\u0142awa Koz\u0142owskiego CM \u2013 dawnego proboszcza Bazyliki, dla kt\u00f3rego powstanie ogrzewalni by\u0142o bardzo wa\u017cne. Wej\u015bcie do pomieszcze\u0144 ogrzewalni mie\u015bci si\u0119 z ty\u0142u lewego skrzyd\u0142a bazyliki \u015bw. Wincentego a Paulo przy al. Ossoli\u0144skich 2. Zagospodarowane na ten cel pomieszczenia s\u0105&hellip;","_links":{"self":[{"href":"https:\/\/bsm-aic.pl\/nowa_strona\/index.php\/wp-json\/wp\/v2\/pages\/116","targetHints":{"allow":["GET"]}}],"collection":[{"href":"https:\/\/bsm-aic.pl\/nowa_strona\/index.php\/wp-json\/wp\/v2\/pages"}],"about":[{"href":"https:\/\/bsm-aic.pl\/nowa_strona\/index.php\/wp-json\/wp\/v2\/types\/page"}],"author":[{"embeddable":true,"href":"https:\/\/bsm-aic.pl\/nowa_strona\/index.php\/wp-json\/wp\/v2\/users\/1"}],"replies":[{"embeddable":true,"href":"https:\/\/bsm-aic.pl\/nowa_strona\/index.php\/wp-json\/wp\/v2\/comments?post=116"}],"version-history":[{"count":8,"href":"https:\/\/bsm-aic.pl\/nowa_strona\/index.php\/wp-json\/wp\/v2\/pages\/116\/revisions"}],"predecessor-version":[{"id":491,"href":"https:\/\/bsm-aic.pl\/nowa_strona\/index.php\/wp-json\/wp\/v2\/pages\/116\/revisions\/491"}],"wp:attachment":[{"href":"https:\/\/bsm-aic.pl\/nowa_strona\/index.php\/wp-json\/wp\/v2\/media?parent=116"}],"curies":[{"name":"wp","href":"https:\/\/api.w.org\/{rel}","templated":true}]}}