
{"id":118,"date":"2025-08-09T12:03:15","date_gmt":"2025-08-09T10:03:15","guid":{"rendered":"https:\/\/bsm-aic.pl\/nowa_strona\/?page_id=118"},"modified":"2026-01-12T21:34:08","modified_gmt":"2026-01-12T20:34:08","slug":"dom-milosierdzia-sw-malgorzaty-alacoque","status":"publish","type":"page","link":"https:\/\/bsm-aic.pl\/nowa_strona\/index.php\/dom-milosierdzia-sw-malgorzaty-alacoque\/","title":{"rendered":"Wincenty\u0144ski Dom Mi\u0142osierdzia \u015aw. Ma\u0142gorzaty Alacoque (na ul. Nasypowej)."},"content":{"rendered":"\n<ul class=\"wp-block-list\">\n<li>\u00bb ogrzewalni,<\/li>\n\n\n\n<li>\u00bb mieszka\u0144 interwencyjnych,<\/li>\n\n\n\n<li>\u00bb wsparcie kobiet wychodz\u0105cych z wi\u0119zienia<\/li>\n<\/ul>\n\n\n\n<p>Nasz dom posiada 2 mieszkania na 1 kondygnacji i noclegownie dla kobiet po wyroku na parterze. Plac\u00f3wka b\u0119dzie s\u0142u\u017cy\u0142a r\u00f3wnie\u017c jako dom rekolekcyjny. Po generalnym remoncie domu przedstawiamy efekty pracy w ni\u017cej zamieszczonej galerii. Oczywi\u015bcie to tylko zal\u0105\u017cek wykonanej pracy na ul. Nasypowej.<br><br>Kontakt: +48 519 318 713<\/p>\n\n\n\n<p><a href=\"https:\/\/www.facebook.com\/bsm.aic\" target=\"_blank\" rel=\"noreferrer noopener\"><\/a><\/p>\n\n\n\n<figure class=\"wp-block-gallery has-nested-images columns-default is-cropped wp-block-gallery-1 is-layout-flex wp-block-gallery-is-layout-flex\">\n<figure class=\"wp-block-image size-large\"><img decoding=\"async\" data-id=\"512\" src=\"https:\/\/bsm-aic.pl\/nowa_strona\/wp-content\/uploads\/2025\/10\/IMG_20250924_185706440_HDR.jpg\" alt=\"\" class=\"wp-image-512\"\/><\/figure>\n\n\n\n<figure class=\"wp-block-image size-large\"><img loading=\"lazy\" decoding=\"async\" width=\"1024\" height=\"759\" data-id=\"515\" src=\"https:\/\/bsm-aic.pl\/nowa_strona\/wp-content\/uploads\/2025\/10\/IMG_20250924_185406642_HDR-1024x759.jpg\" alt=\"\" class=\"wp-image-515\" srcset=\"https:\/\/bsm-aic.pl\/nowa_strona\/wp-content\/uploads\/2025\/10\/IMG_20250924_185406642_HDR-1024x759.jpg 1024w, https:\/\/bsm-aic.pl\/nowa_strona\/wp-content\/uploads\/2025\/10\/IMG_20250924_185406642_HDR-300x222.jpg 300w, https:\/\/bsm-aic.pl\/nowa_strona\/wp-content\/uploads\/2025\/10\/IMG_20250924_185406642_HDR-768x569.jpg 768w, https:\/\/bsm-aic.pl\/nowa_strona\/wp-content\/uploads\/2025\/10\/IMG_20250924_185406642_HDR-1536x1139.jpg 1536w, https:\/\/bsm-aic.pl\/nowa_strona\/wp-content\/uploads\/2025\/10\/IMG_20250924_185406642_HDR-2048x1518.jpg 2048w\" sizes=\"auto, (max-width: 1024px) 100vw, 1024px\" \/><\/figure>\n\n\n\n<figure class=\"wp-block-image size-large\"><img loading=\"lazy\" decoding=\"async\" width=\"683\" height=\"1024\" data-id=\"516\" src=\"https:\/\/bsm-aic.pl\/nowa_strona\/wp-content\/uploads\/2025\/10\/DSC_5056-683x1024.jpg\" alt=\"\" class=\"wp-image-516\" srcset=\"https:\/\/bsm-aic.pl\/nowa_strona\/wp-content\/uploads\/2025\/10\/DSC_5056-683x1024.jpg 683w, https:\/\/bsm-aic.pl\/nowa_strona\/wp-content\/uploads\/2025\/10\/DSC_5056-200x300.jpg 200w, https:\/\/bsm-aic.pl\/nowa_strona\/wp-content\/uploads\/2025\/10\/DSC_5056-768x1152.jpg 768w, https:\/\/bsm-aic.pl\/nowa_strona\/wp-content\/uploads\/2025\/10\/DSC_5056-1024x1536.jpg 1024w, https:\/\/bsm-aic.pl\/nowa_strona\/wp-content\/uploads\/2025\/10\/DSC_5056-1365x2048.jpg 1365w, https:\/\/bsm-aic.pl\/nowa_strona\/wp-content\/uploads\/2025\/10\/DSC_5056-scaled.jpg 1707w\" sizes=\"auto, (max-width: 683px) 100vw, 683px\" \/><\/figure>\n\n\n\n<figure class=\"wp-block-image size-large\"><img loading=\"lazy\" decoding=\"async\" width=\"1024\" height=\"683\" data-id=\"519\" src=\"https:\/\/bsm-aic.pl\/nowa_strona\/wp-content\/uploads\/2025\/10\/DSC_5054-1024x683.jpg\" alt=\"\" class=\"wp-image-519\" srcset=\"https:\/\/bsm-aic.pl\/nowa_strona\/wp-content\/uploads\/2025\/10\/DSC_5054-1024x683.jpg 1024w, https:\/\/bsm-aic.pl\/nowa_strona\/wp-content\/uploads\/2025\/10\/DSC_5054-300x200.jpg 300w, https:\/\/bsm-aic.pl\/nowa_strona\/wp-content\/uploads\/2025\/10\/DSC_5054-768x512.jpg 768w, https:\/\/bsm-aic.pl\/nowa_strona\/wp-content\/uploads\/2025\/10\/DSC_5054-1536x1024.jpg 1536w, https:\/\/bsm-aic.pl\/nowa_strona\/wp-content\/uploads\/2025\/10\/DSC_5054-2048x1365.jpg 2048w\" sizes=\"auto, (max-width: 1024px) 100vw, 1024px\" \/><\/figure>\n\n\n\n<figure class=\"wp-block-image size-large\"><img loading=\"lazy\" decoding=\"async\" width=\"1024\" height=\"683\" data-id=\"520\" src=\"https:\/\/bsm-aic.pl\/nowa_strona\/wp-content\/uploads\/2025\/10\/DSC_5053-1024x683.jpg\" alt=\"\" class=\"wp-image-520\" srcset=\"https:\/\/bsm-aic.pl\/nowa_strona\/wp-content\/uploads\/2025\/10\/DSC_5053-1024x683.jpg 1024w, https:\/\/bsm-aic.pl\/nowa_strona\/wp-content\/uploads\/2025\/10\/DSC_5053-300x200.jpg 300w, https:\/\/bsm-aic.pl\/nowa_strona\/wp-content\/uploads\/2025\/10\/DSC_5053-768x512.jpg 768w, https:\/\/bsm-aic.pl\/nowa_strona\/wp-content\/uploads\/2025\/10\/DSC_5053-1536x1024.jpg 1536w, https:\/\/bsm-aic.pl\/nowa_strona\/wp-content\/uploads\/2025\/10\/DSC_5053-2048x1365.jpg 2048w\" sizes=\"auto, (max-width: 1024px) 100vw, 1024px\" \/><\/figure>\n\n\n\n<figure class=\"wp-block-image size-large\"><img loading=\"lazy\" decoding=\"async\" width=\"1024\" height=\"683\" data-id=\"522\" src=\"https:\/\/bsm-aic.pl\/nowa_strona\/wp-content\/uploads\/2025\/10\/DSC_5051-1024x683.jpg\" alt=\"\" class=\"wp-image-522\" srcset=\"https:\/\/bsm-aic.pl\/nowa_strona\/wp-content\/uploads\/2025\/10\/DSC_5051-1024x683.jpg 1024w, https:\/\/bsm-aic.pl\/nowa_strona\/wp-content\/uploads\/2025\/10\/DSC_5051-300x200.jpg 300w, https:\/\/bsm-aic.pl\/nowa_strona\/wp-content\/uploads\/2025\/10\/DSC_5051-768x512.jpg 768w, https:\/\/bsm-aic.pl\/nowa_strona\/wp-content\/uploads\/2025\/10\/DSC_5051-1536x1024.jpg 1536w, https:\/\/bsm-aic.pl\/nowa_strona\/wp-content\/uploads\/2025\/10\/DSC_5051-2048x1365.jpg 2048w\" sizes=\"auto, (max-width: 1024px) 100vw, 1024px\" \/><\/figure>\n\n\n\n<figure class=\"wp-block-image size-large\"><img loading=\"lazy\" decoding=\"async\" width=\"683\" height=\"1024\" data-id=\"523\" src=\"https:\/\/bsm-aic.pl\/nowa_strona\/wp-content\/uploads\/2025\/10\/DSC_5050-683x1024.jpg\" alt=\"\" class=\"wp-image-523\" srcset=\"https:\/\/bsm-aic.pl\/nowa_strona\/wp-content\/uploads\/2025\/10\/DSC_5050-683x1024.jpg 683w, https:\/\/bsm-aic.pl\/nowa_strona\/wp-content\/uploads\/2025\/10\/DSC_5050-200x300.jpg 200w, https:\/\/bsm-aic.pl\/nowa_strona\/wp-content\/uploads\/2025\/10\/DSC_5050-768x1152.jpg 768w, https:\/\/bsm-aic.pl\/nowa_strona\/wp-content\/uploads\/2025\/10\/DSC_5050-1024x1536.jpg 1024w, https:\/\/bsm-aic.pl\/nowa_strona\/wp-content\/uploads\/2025\/10\/DSC_5050-1365x2048.jpg 1365w, https:\/\/bsm-aic.pl\/nowa_strona\/wp-content\/uploads\/2025\/10\/DSC_5050-scaled.jpg 1707w\" sizes=\"auto, (max-width: 683px) 100vw, 683px\" \/><\/figure>\n\n\n\n<figure class=\"wp-block-image size-large\"><img loading=\"lazy\" decoding=\"async\" width=\"683\" height=\"1024\" data-id=\"524\" src=\"https:\/\/bsm-aic.pl\/nowa_strona\/wp-content\/uploads\/2025\/10\/DSC_5049-683x1024.jpg\" alt=\"\" class=\"wp-image-524\" srcset=\"https:\/\/bsm-aic.pl\/nowa_strona\/wp-content\/uploads\/2025\/10\/DSC_5049-683x1024.jpg 683w, https:\/\/bsm-aic.pl\/nowa_strona\/wp-content\/uploads\/2025\/10\/DSC_5049-200x300.jpg 200w, https:\/\/bsm-aic.pl\/nowa_strona\/wp-content\/uploads\/2025\/10\/DSC_5049-768x1152.jpg 768w, https:\/\/bsm-aic.pl\/nowa_strona\/wp-content\/uploads\/2025\/10\/DSC_5049-1024x1536.jpg 1024w, https:\/\/bsm-aic.pl\/nowa_strona\/wp-content\/uploads\/2025\/10\/DSC_5049-1365x2048.jpg 1365w, https:\/\/bsm-aic.pl\/nowa_strona\/wp-content\/uploads\/2025\/10\/DSC_5049-scaled.jpg 1707w\" sizes=\"auto, (max-width: 683px) 100vw, 683px\" \/><\/figure>\n\n\n\n<figure class=\"wp-block-image size-large\"><img loading=\"lazy\" decoding=\"async\" width=\"1024\" height=\"683\" data-id=\"526\" src=\"https:\/\/bsm-aic.pl\/nowa_strona\/wp-content\/uploads\/2025\/10\/DSC_5046-1024x683.jpg\" alt=\"\" class=\"wp-image-526\" srcset=\"https:\/\/bsm-aic.pl\/nowa_strona\/wp-content\/uploads\/2025\/10\/DSC_5046-1024x683.jpg 1024w, https:\/\/bsm-aic.pl\/nowa_strona\/wp-content\/uploads\/2025\/10\/DSC_5046-300x200.jpg 300w, https:\/\/bsm-aic.pl\/nowa_strona\/wp-content\/uploads\/2025\/10\/DSC_5046-768x512.jpg 768w, https:\/\/bsm-aic.pl\/nowa_strona\/wp-content\/uploads\/2025\/10\/DSC_5046-1536x1024.jpg 1536w, https:\/\/bsm-aic.pl\/nowa_strona\/wp-content\/uploads\/2025\/10\/DSC_5046-2048x1365.jpg 2048w\" sizes=\"auto, (max-width: 1024px) 100vw, 1024px\" \/><\/figure>\n\n\n\n<figure class=\"wp-block-image size-large\"><img loading=\"lazy\" decoding=\"async\" width=\"1024\" height=\"683\" data-id=\"527\" src=\"https:\/\/bsm-aic.pl\/nowa_strona\/wp-content\/uploads\/2025\/10\/DSC_5045-1024x683.jpg\" alt=\"\" class=\"wp-image-527\" srcset=\"https:\/\/bsm-aic.pl\/nowa_strona\/wp-content\/uploads\/2025\/10\/DSC_5045-1024x683.jpg 1024w, https:\/\/bsm-aic.pl\/nowa_strona\/wp-content\/uploads\/2025\/10\/DSC_5045-300x200.jpg 300w, https:\/\/bsm-aic.pl\/nowa_strona\/wp-content\/uploads\/2025\/10\/DSC_5045-768x512.jpg 768w, https:\/\/bsm-aic.pl\/nowa_strona\/wp-content\/uploads\/2025\/10\/DSC_5045-1536x1024.jpg 1536w, https:\/\/bsm-aic.pl\/nowa_strona\/wp-content\/uploads\/2025\/10\/DSC_5045-2048x1365.jpg 2048w\" sizes=\"auto, (max-width: 1024px) 100vw, 1024px\" \/><\/figure>\n\n\n\n<figure class=\"wp-block-image size-large\"><img loading=\"lazy\" decoding=\"async\" width=\"1024\" height=\"683\" data-id=\"529\" src=\"https:\/\/bsm-aic.pl\/nowa_strona\/wp-content\/uploads\/2025\/10\/DSC_5044-1024x683.jpg\" alt=\"\" class=\"wp-image-529\" srcset=\"https:\/\/bsm-aic.pl\/nowa_strona\/wp-content\/uploads\/2025\/10\/DSC_5044-1024x683.jpg 1024w, https:\/\/bsm-aic.pl\/nowa_strona\/wp-content\/uploads\/2025\/10\/DSC_5044-300x200.jpg 300w, https:\/\/bsm-aic.pl\/nowa_strona\/wp-content\/uploads\/2025\/10\/DSC_5044-768x512.jpg 768w, https:\/\/bsm-aic.pl\/nowa_strona\/wp-content\/uploads\/2025\/10\/DSC_5044-1536x1024.jpg 1536w, https:\/\/bsm-aic.pl\/nowa_strona\/wp-content\/uploads\/2025\/10\/DSC_5044-2048x1365.jpg 2048w\" sizes=\"auto, (max-width: 1024px) 100vw, 1024px\" \/><\/figure>\n\n\n\n<figure class=\"wp-block-image size-large\"><img loading=\"lazy\" decoding=\"async\" width=\"1024\" height=\"683\" data-id=\"531\" src=\"https:\/\/bsm-aic.pl\/nowa_strona\/wp-content\/uploads\/2025\/10\/DSC_5042-1024x683.jpg\" alt=\"\" class=\"wp-image-531\" srcset=\"https:\/\/bsm-aic.pl\/nowa_strona\/wp-content\/uploads\/2025\/10\/DSC_5042-1024x683.jpg 1024w, https:\/\/bsm-aic.pl\/nowa_strona\/wp-content\/uploads\/2025\/10\/DSC_5042-300x200.jpg 300w, https:\/\/bsm-aic.pl\/nowa_strona\/wp-content\/uploads\/2025\/10\/DSC_5042-768x512.jpg 768w, https:\/\/bsm-aic.pl\/nowa_strona\/wp-content\/uploads\/2025\/10\/DSC_5042-1536x1024.jpg 1536w, https:\/\/bsm-aic.pl\/nowa_strona\/wp-content\/uploads\/2025\/10\/DSC_5042-2048x1365.jpg 2048w\" sizes=\"auto, (max-width: 1024px) 100vw, 1024px\" \/><\/figure>\n\n\n\n<figure class=\"wp-block-image size-large\"><img loading=\"lazy\" decoding=\"async\" width=\"1024\" height=\"683\" data-id=\"532\" src=\"https:\/\/bsm-aic.pl\/nowa_strona\/wp-content\/uploads\/2025\/10\/DSC_5040-1024x683.jpg\" alt=\"\" class=\"wp-image-532\" srcset=\"https:\/\/bsm-aic.pl\/nowa_strona\/wp-content\/uploads\/2025\/10\/DSC_5040-1024x683.jpg 1024w, https:\/\/bsm-aic.pl\/nowa_strona\/wp-content\/uploads\/2025\/10\/DSC_5040-300x200.jpg 300w, https:\/\/bsm-aic.pl\/nowa_strona\/wp-content\/uploads\/2025\/10\/DSC_5040-768x512.jpg 768w, https:\/\/bsm-aic.pl\/nowa_strona\/wp-content\/uploads\/2025\/10\/DSC_5040-1536x1024.jpg 1536w, https:\/\/bsm-aic.pl\/nowa_strona\/wp-content\/uploads\/2025\/10\/DSC_5040-2048x1365.jpg 2048w\" sizes=\"auto, (max-width: 1024px) 100vw, 1024px\" \/><\/figure>\n\n\n\n<figure class=\"wp-block-image size-large\"><img loading=\"lazy\" decoding=\"async\" width=\"1024\" height=\"683\" data-id=\"536\" src=\"https:\/\/bsm-aic.pl\/nowa_strona\/wp-content\/uploads\/2025\/10\/DSC_5036-1024x683.jpg\" alt=\"\" class=\"wp-image-536\" srcset=\"https:\/\/bsm-aic.pl\/nowa_strona\/wp-content\/uploads\/2025\/10\/DSC_5036-1024x683.jpg 1024w, https:\/\/bsm-aic.pl\/nowa_strona\/wp-content\/uploads\/2025\/10\/DSC_5036-300x200.jpg 300w, https:\/\/bsm-aic.pl\/nowa_strona\/wp-content\/uploads\/2025\/10\/DSC_5036-768x512.jpg 768w, https:\/\/bsm-aic.pl\/nowa_strona\/wp-content\/uploads\/2025\/10\/DSC_5036-1536x1024.jpg 1536w, https:\/\/bsm-aic.pl\/nowa_strona\/wp-content\/uploads\/2025\/10\/DSC_5036-2048x1365.jpg 2048w\" sizes=\"auto, (max-width: 1024px) 100vw, 1024px\" \/><\/figure>\n\n\n\n<figure class=\"wp-block-image size-large\"><img loading=\"lazy\" decoding=\"async\" width=\"1024\" height=\"683\" data-id=\"538\" src=\"https:\/\/bsm-aic.pl\/nowa_strona\/wp-content\/uploads\/2025\/10\/DSC_5034-1024x683.jpg\" alt=\"\" class=\"wp-image-538\" srcset=\"https:\/\/bsm-aic.pl\/nowa_strona\/wp-content\/uploads\/2025\/10\/DSC_5034-1024x683.jpg 1024w, https:\/\/bsm-aic.pl\/nowa_strona\/wp-content\/uploads\/2025\/10\/DSC_5034-300x200.jpg 300w, https:\/\/bsm-aic.pl\/nowa_strona\/wp-content\/uploads\/2025\/10\/DSC_5034-768x512.jpg 768w, https:\/\/bsm-aic.pl\/nowa_strona\/wp-content\/uploads\/2025\/10\/DSC_5034-1536x1024.jpg 1536w, https:\/\/bsm-aic.pl\/nowa_strona\/wp-content\/uploads\/2025\/10\/DSC_5034-2048x1365.jpg 2048w\" sizes=\"auto, (max-width: 1024px) 100vw, 1024px\" \/><\/figure>\n\n\n\n<figure class=\"wp-block-image size-large\"><img loading=\"lazy\" decoding=\"async\" width=\"1024\" height=\"683\" data-id=\"540\" src=\"https:\/\/bsm-aic.pl\/nowa_strona\/wp-content\/uploads\/2025\/10\/DSC_5032-1024x683.jpg\" alt=\"\" class=\"wp-image-540\" srcset=\"https:\/\/bsm-aic.pl\/nowa_strona\/wp-content\/uploads\/2025\/10\/DSC_5032-1024x683.jpg 1024w, https:\/\/bsm-aic.pl\/nowa_strona\/wp-content\/uploads\/2025\/10\/DSC_5032-300x200.jpg 300w, https:\/\/bsm-aic.pl\/nowa_strona\/wp-content\/uploads\/2025\/10\/DSC_5032-768x512.jpg 768w, https:\/\/bsm-aic.pl\/nowa_strona\/wp-content\/uploads\/2025\/10\/DSC_5032-1536x1024.jpg 1536w, https:\/\/bsm-aic.pl\/nowa_strona\/wp-content\/uploads\/2025\/10\/DSC_5032-2048x1365.jpg 2048w\" sizes=\"auto, (max-width: 1024px) 100vw, 1024px\" \/><\/figure>\n\n\n\n<figure class=\"wp-block-image size-large\"><img loading=\"lazy\" decoding=\"async\" width=\"1024\" height=\"683\" data-id=\"541\" src=\"https:\/\/bsm-aic.pl\/nowa_strona\/wp-content\/uploads\/2025\/10\/DSC_5031-1024x683.jpg\" alt=\"\" class=\"wp-image-541\" srcset=\"https:\/\/bsm-aic.pl\/nowa_strona\/wp-content\/uploads\/2025\/10\/DSC_5031-1024x683.jpg 1024w, https:\/\/bsm-aic.pl\/nowa_strona\/wp-content\/uploads\/2025\/10\/DSC_5031-300x200.jpg 300w, https:\/\/bsm-aic.pl\/nowa_strona\/wp-content\/uploads\/2025\/10\/DSC_5031-768x512.jpg 768w, https:\/\/bsm-aic.pl\/nowa_strona\/wp-content\/uploads\/2025\/10\/DSC_5031-1536x1024.jpg 1536w, https:\/\/bsm-aic.pl\/nowa_strona\/wp-content\/uploads\/2025\/10\/DSC_5031-2048x1365.jpg 2048w\" sizes=\"auto, (max-width: 1024px) 100vw, 1024px\" \/><\/figure>\n\n\n\n<figure class=\"wp-block-image size-large\"><img loading=\"lazy\" decoding=\"async\" width=\"683\" height=\"1024\" data-id=\"542\" src=\"https:\/\/bsm-aic.pl\/nowa_strona\/wp-content\/uploads\/2025\/10\/DSC_5030-683x1024.jpg\" alt=\"\" class=\"wp-image-542\" srcset=\"https:\/\/bsm-aic.pl\/nowa_strona\/wp-content\/uploads\/2025\/10\/DSC_5030-683x1024.jpg 683w, https:\/\/bsm-aic.pl\/nowa_strona\/wp-content\/uploads\/2025\/10\/DSC_5030-200x300.jpg 200w, https:\/\/bsm-aic.pl\/nowa_strona\/wp-content\/uploads\/2025\/10\/DSC_5030-768x1152.jpg 768w, https:\/\/bsm-aic.pl\/nowa_strona\/wp-content\/uploads\/2025\/10\/DSC_5030-1024x1536.jpg 1024w, https:\/\/bsm-aic.pl\/nowa_strona\/wp-content\/uploads\/2025\/10\/DSC_5030-1365x2048.jpg 1365w, https:\/\/bsm-aic.pl\/nowa_strona\/wp-content\/uploads\/2025\/10\/DSC_5030-scaled.jpg 1707w\" sizes=\"auto, (max-width: 683px) 100vw, 683px\" \/><\/figure>\n\n\n\n<figure class=\"wp-block-image size-large\"><img loading=\"lazy\" decoding=\"async\" width=\"1024\" height=\"683\" data-id=\"544\" src=\"https:\/\/bsm-aic.pl\/nowa_strona\/wp-content\/uploads\/2025\/10\/DSC_5029-1024x683.jpg\" alt=\"\" class=\"wp-image-544\" srcset=\"https:\/\/bsm-aic.pl\/nowa_strona\/wp-content\/uploads\/2025\/10\/DSC_5029-1024x683.jpg 1024w, https:\/\/bsm-aic.pl\/nowa_strona\/wp-content\/uploads\/2025\/10\/DSC_5029-300x200.jpg 300w, https:\/\/bsm-aic.pl\/nowa_strona\/wp-content\/uploads\/2025\/10\/DSC_5029-768x512.jpg 768w, https:\/\/bsm-aic.pl\/nowa_strona\/wp-content\/uploads\/2025\/10\/DSC_5029-1536x1024.jpg 1536w, https:\/\/bsm-aic.pl\/nowa_strona\/wp-content\/uploads\/2025\/10\/DSC_5029-2048x1365.jpg 2048w\" sizes=\"auto, (max-width: 1024px) 100vw, 1024px\" \/><\/figure>\n\n\n\n<figure class=\"wp-block-image size-large\"><img loading=\"lazy\" decoding=\"async\" width=\"1024\" height=\"683\" data-id=\"545\" src=\"https:\/\/bsm-aic.pl\/nowa_strona\/wp-content\/uploads\/2025\/10\/DSC_5028-1024x683.jpg\" alt=\"\" class=\"wp-image-545\" srcset=\"https:\/\/bsm-aic.pl\/nowa_strona\/wp-content\/uploads\/2025\/10\/DSC_5028-1024x683.jpg 1024w, https:\/\/bsm-aic.pl\/nowa_strona\/wp-content\/uploads\/2025\/10\/DSC_5028-300x200.jpg 300w, https:\/\/bsm-aic.pl\/nowa_strona\/wp-content\/uploads\/2025\/10\/DSC_5028-768x512.jpg 768w, https:\/\/bsm-aic.pl\/nowa_strona\/wp-content\/uploads\/2025\/10\/DSC_5028-1536x1024.jpg 1536w, https:\/\/bsm-aic.pl\/nowa_strona\/wp-content\/uploads\/2025\/10\/DSC_5028-2048x1365.jpg 2048w\" sizes=\"auto, (max-width: 1024px) 100vw, 1024px\" \/><\/figure>\n\n\n\n<figure class=\"wp-block-image size-large\"><img loading=\"lazy\" decoding=\"async\" width=\"1024\" height=\"683\" data-id=\"546\" src=\"https:\/\/bsm-aic.pl\/nowa_strona\/wp-content\/uploads\/2025\/10\/DSC_5027-1024x683.jpg\" alt=\"\" class=\"wp-image-546\" srcset=\"https:\/\/bsm-aic.pl\/nowa_strona\/wp-content\/uploads\/2025\/10\/DSC_5027-1024x683.jpg 1024w, https:\/\/bsm-aic.pl\/nowa_strona\/wp-content\/uploads\/2025\/10\/DSC_5027-300x200.jpg 300w, https:\/\/bsm-aic.pl\/nowa_strona\/wp-content\/uploads\/2025\/10\/DSC_5027-768x512.jpg 768w, https:\/\/bsm-aic.pl\/nowa_strona\/wp-content\/uploads\/2025\/10\/DSC_5027-1536x1024.jpg 1536w, https:\/\/bsm-aic.pl\/nowa_strona\/wp-content\/uploads\/2025\/10\/DSC_5027-2048x1365.jpg 2048w\" sizes=\"auto, (max-width: 1024px) 100vw, 1024px\" \/><\/figure>\n\n\n\n<figure class=\"wp-block-image size-large\"><img loading=\"lazy\" decoding=\"async\" width=\"1024\" height=\"683\" data-id=\"549\" src=\"https:\/\/bsm-aic.pl\/nowa_strona\/wp-content\/uploads\/2025\/10\/DSC_5025-1024x683.jpg\" alt=\"\" class=\"wp-image-549\" srcset=\"https:\/\/bsm-aic.pl\/nowa_strona\/wp-content\/uploads\/2025\/10\/DSC_5025-1024x683.jpg 1024w, https:\/\/bsm-aic.pl\/nowa_strona\/wp-content\/uploads\/2025\/10\/DSC_5025-300x200.jpg 300w, https:\/\/bsm-aic.pl\/nowa_strona\/wp-content\/uploads\/2025\/10\/DSC_5025-768x512.jpg 768w, https:\/\/bsm-aic.pl\/nowa_strona\/wp-content\/uploads\/2025\/10\/DSC_5025-1536x1024.jpg 1536w, https:\/\/bsm-aic.pl\/nowa_strona\/wp-content\/uploads\/2025\/10\/DSC_5025-2048x1365.jpg 2048w\" sizes=\"auto, (max-width: 1024px) 100vw, 1024px\" \/><\/figure>\n\n\n\n<figure class=\"wp-block-image size-large\"><img loading=\"lazy\" decoding=\"async\" width=\"683\" height=\"1024\" data-id=\"547\" src=\"https:\/\/bsm-aic.pl\/nowa_strona\/wp-content\/uploads\/2025\/10\/DSC_5026-683x1024.jpg\" alt=\"\" class=\"wp-image-547\" srcset=\"https:\/\/bsm-aic.pl\/nowa_strona\/wp-content\/uploads\/2025\/10\/DSC_5026-683x1024.jpg 683w, https:\/\/bsm-aic.pl\/nowa_strona\/wp-content\/uploads\/2025\/10\/DSC_5026-200x300.jpg 200w, https:\/\/bsm-aic.pl\/nowa_strona\/wp-content\/uploads\/2025\/10\/DSC_5026-768x1152.jpg 768w, https:\/\/bsm-aic.pl\/nowa_strona\/wp-content\/uploads\/2025\/10\/DSC_5026-1024x1536.jpg 1024w, https:\/\/bsm-aic.pl\/nowa_strona\/wp-content\/uploads\/2025\/10\/DSC_5026-1365x2048.jpg 1365w, https:\/\/bsm-aic.pl\/nowa_strona\/wp-content\/uploads\/2025\/10\/DSC_5026-scaled.jpg 1707w\" sizes=\"auto, (max-width: 683px) 100vw, 683px\" \/><\/figure>\n\n\n\n<figure class=\"wp-block-image size-large\"><img loading=\"lazy\" decoding=\"async\" width=\"683\" height=\"1024\" data-id=\"553\" src=\"https:\/\/bsm-aic.pl\/nowa_strona\/wp-content\/uploads\/2025\/10\/DSC_5020-683x1024.jpg\" alt=\"\" class=\"wp-image-553\" srcset=\"https:\/\/bsm-aic.pl\/nowa_strona\/wp-content\/uploads\/2025\/10\/DSC_5020-683x1024.jpg 683w, https:\/\/bsm-aic.pl\/nowa_strona\/wp-content\/uploads\/2025\/10\/DSC_5020-200x300.jpg 200w, https:\/\/bsm-aic.pl\/nowa_strona\/wp-content\/uploads\/2025\/10\/DSC_5020-768x1152.jpg 768w, https:\/\/bsm-aic.pl\/nowa_strona\/wp-content\/uploads\/2025\/10\/DSC_5020-1024x1536.jpg 1024w, https:\/\/bsm-aic.pl\/nowa_strona\/wp-content\/uploads\/2025\/10\/DSC_5020-1365x2048.jpg 1365w, https:\/\/bsm-aic.pl\/nowa_strona\/wp-content\/uploads\/2025\/10\/DSC_5020-scaled.jpg 1707w\" sizes=\"auto, (max-width: 683px) 100vw, 683px\" \/><\/figure>\n\n\n\n<figure class=\"wp-block-image size-large\"><img loading=\"lazy\" decoding=\"async\" width=\"1024\" height=\"683\" data-id=\"556\" src=\"https:\/\/bsm-aic.pl\/nowa_strona\/wp-content\/uploads\/2025\/10\/DSC_5017-1024x683.jpg\" alt=\"\" class=\"wp-image-556\" srcset=\"https:\/\/bsm-aic.pl\/nowa_strona\/wp-content\/uploads\/2025\/10\/DSC_5017-1024x683.jpg 1024w, https:\/\/bsm-aic.pl\/nowa_strona\/wp-content\/uploads\/2025\/10\/DSC_5017-300x200.jpg 300w, https:\/\/bsm-aic.pl\/nowa_strona\/wp-content\/uploads\/2025\/10\/DSC_5017-768x512.jpg 768w, https:\/\/bsm-aic.pl\/nowa_strona\/wp-content\/uploads\/2025\/10\/DSC_5017-1536x1024.jpg 1536w, https:\/\/bsm-aic.pl\/nowa_strona\/wp-content\/uploads\/2025\/10\/DSC_5017-2048x1365.jpg 2048w\" sizes=\"auto, (max-width: 1024px) 100vw, 1024px\" \/><\/figure>\n\n\n\n<figure class=\"wp-block-image size-large\"><img loading=\"lazy\" decoding=\"async\" width=\"1024\" height=\"683\" data-id=\"552\" src=\"https:\/\/bsm-aic.pl\/nowa_strona\/wp-content\/uploads\/2025\/10\/DSC_5022-1024x683.jpg\" alt=\"\" class=\"wp-image-552\" srcset=\"https:\/\/bsm-aic.pl\/nowa_strona\/wp-content\/uploads\/2025\/10\/DSC_5022-1024x683.jpg 1024w, https:\/\/bsm-aic.pl\/nowa_strona\/wp-content\/uploads\/2025\/10\/DSC_5022-300x200.jpg 300w, https:\/\/bsm-aic.pl\/nowa_strona\/wp-content\/uploads\/2025\/10\/DSC_5022-768x512.jpg 768w, https:\/\/bsm-aic.pl\/nowa_strona\/wp-content\/uploads\/2025\/10\/DSC_5022-1536x1024.jpg 1536w, https:\/\/bsm-aic.pl\/nowa_strona\/wp-content\/uploads\/2025\/10\/DSC_5022-2048x1365.jpg 2048w\" sizes=\"auto, (max-width: 1024px) 100vw, 1024px\" \/><\/figure>\n<\/figure>\n","protected":false},"excerpt":{"rendered":"<p>Nasz dom posiada 2 mieszkania na 1 kondygnacji i noclegownie dla kobiet po wyroku na parterze. Plac\u00f3wka b\u0119dzie s\u0142u\u017cy\u0142a r\u00f3wnie\u017c jako dom rekolekcyjny. Po generalnym remoncie domu przedstawiamy efekty pracy w ni\u017cej zamieszczonej galerii. Oczywi\u015bcie to tylko zal\u0105\u017cek wykonanej pracy na ul. Nasypowej. Kontakt: +48 519 318 713<\/p>\n","protected":false},"author":1,"featured_media":0,"parent":0,"menu_order":0,"comment_status":"closed","ping_status":"closed","template":"","meta":{"_uag_custom_page_level_css":"","footnotes":""},"class_list":["post-118","page","type-page","status-publish","hentry"],"uagb_featured_image_src":{"full":false,"thumbnail":false,"medium":false,"medium_large":false,"large":false,"1536x1536":false,"2048x2048":false},"uagb_author_info":{"display_name":"majkel","author_link":"https:\/\/bsm-aic.pl\/nowa_strona\/index.php\/author\/majkel\/"},"uagb_comment_info":0,"uagb_excerpt":"Nasz dom posiada 2 mieszkania na 1 kondygnacji i noclegownie dla kobiet po wyroku na parterze. Plac\u00f3wka b\u0119dzie s\u0142u\u017cy\u0142a r\u00f3wnie\u017c jako dom rekolekcyjny. Po generalnym remoncie domu przedstawiamy efekty pracy w ni\u017cej zamieszczonej galerii. Oczywi\u015bcie to tylko zal\u0105\u017cek wykonanej pracy na ul. Nasypowej. Kontakt: +48 519 318 713","_links":{"self":[{"href":"https:\/\/bsm-aic.pl\/nowa_strona\/index.php\/wp-json\/wp\/v2\/pages\/118","targetHints":{"allow":["GET"]}}],"collection":[{"href":"https:\/\/bsm-aic.pl\/nowa_strona\/index.php\/wp-json\/wp\/v2\/pages"}],"about":[{"href":"https:\/\/bsm-aic.pl\/nowa_strona\/index.php\/wp-json\/wp\/v2\/types\/page"}],"author":[{"embeddable":true,"href":"https:\/\/bsm-aic.pl\/nowa_strona\/index.php\/wp-json\/wp\/v2\/users\/1"}],"replies":[{"embeddable":true,"href":"https:\/\/bsm-aic.pl\/nowa_strona\/index.php\/wp-json\/wp\/v2\/comments?post=118"}],"version-history":[{"count":6,"href":"https:\/\/bsm-aic.pl\/nowa_strona\/index.php\/wp-json\/wp\/v2\/pages\/118\/revisions"}],"predecessor-version":[{"id":789,"href":"https:\/\/bsm-aic.pl\/nowa_strona\/index.php\/wp-json\/wp\/v2\/pages\/118\/revisions\/789"}],"wp:attachment":[{"href":"https:\/\/bsm-aic.pl\/nowa_strona\/index.php\/wp-json\/wp\/v2\/media?parent=118"}],"curies":[{"name":"wp","href":"https:\/\/api.w.org\/{rel}","templated":true}]}}