
{"id":120,"date":"2025-08-09T12:03:38","date_gmt":"2025-08-09T10:03:38","guid":{"rendered":"https:\/\/bsm-aic.pl\/nowa_strona\/?page_id=120"},"modified":"2025-08-14T20:34:10","modified_gmt":"2025-08-14T18:34:10","slug":"wolontariat-bazylikapomaga","status":"publish","type":"page","link":"https:\/\/bsm-aic.pl\/nowa_strona\/index.php\/wolontariat-bazylikapomaga\/","title":{"rendered":"Wolontariat #BazylikaPomaga"},"content":{"rendered":"\n<p class=\"has-text-align-center\"><br>BAZYLIKA POMAGA!<\/p>\n\n\n\n<p class=\"has-text-align-center\">Je\u017celi chcesz si\u0119 o nas dowiedzie\u0107 wi\u0119cej, zapraszamy na fanpage\u2019a na Facebook\u2019u naszej akcji poprzez klikni\u0119cie ni\u017cej ustawionego hashtagu lub poprzez kontakt telefoniczny na numer podany na plakacie od poniedzia\u0142ku do pi\u0105tku od 10:00 do 18:00.<br><a href=\"https:\/\/www.facebook.com\/bazylikapomaga\" target=\"_blank\" rel=\"noreferrer noopener\">#BazylikaPomaga<\/a><br><br>Poni\u017cej wstawiamy r\u00f3wnie\u017c Wincenty\u0144sk\u0105 Tarcz\u0119 Antykryzysow\u0105<br><\/p>\n\n\n\n<div class=\"wp-block-buttons is-content-justification-center is-layout-flex wp-container-core-buttons-is-layout-a89b3969 wp-block-buttons-is-layout-flex\">\n<div class=\"wp-block-button\"><a class=\"wp-block-button__link wp-element-button\" href=\"https:\/\/bsm-aic.pl\/nowa_strona\/wp-content\/uploads\/2025\/08\/Wincentynska-tarcza-antykryzysowa-1.pdf\">Pobierz<\/a><\/div>\n<\/div>\n\n\n\n<figure class=\"wp-block-image aligncenter size-large\"><img loading=\"lazy\" decoding=\"async\" width=\"650\" height=\"1024\" src=\"https:\/\/bsm-aic.pl\/nowa_strona\/wp-content\/uploads\/2025\/08\/obraz_2025-08-14_203157497-650x1024.png\" alt=\"\" class=\"wp-image-193\" srcset=\"https:\/\/bsm-aic.pl\/nowa_strona\/wp-content\/uploads\/2025\/08\/obraz_2025-08-14_203157497-650x1024.png 650w, https:\/\/bsm-aic.pl\/nowa_strona\/wp-content\/uploads\/2025\/08\/obraz_2025-08-14_203157497-190x300.png 190w, https:\/\/bsm-aic.pl\/nowa_strona\/wp-content\/uploads\/2025\/08\/obraz_2025-08-14_203157497-768x1210.png 768w, https:\/\/bsm-aic.pl\/nowa_strona\/wp-content\/uploads\/2025\/08\/obraz_2025-08-14_203157497-975x1536.png 975w, https:\/\/bsm-aic.pl\/nowa_strona\/wp-content\/uploads\/2025\/08\/obraz_2025-08-14_203157497-1300x2048.png 1300w, https:\/\/bsm-aic.pl\/nowa_strona\/wp-content\/uploads\/2025\/08\/obraz_2025-08-14_203157497-scaled.png 1625w\" sizes=\"auto, (max-width: 650px) 100vw, 650px\" \/><\/figure>\n","protected":false},"excerpt":{"rendered":"<p>BAZYLIKA POMAGA! Je\u017celi chcesz si\u0119 o nas dowiedzie\u0107 wi\u0119cej, zapraszamy na fanpage\u2019a na Facebook\u2019u naszej akcji poprzez klikni\u0119cie ni\u017cej ustawionego hashtagu lub poprzez kontakt telefoniczny na numer podany na plakacie od poniedzia\u0142ku do pi\u0105tku od 10:00 do 18:00.#BazylikaPomaga Poni\u017cej wstawiamy r\u00f3wnie\u017c Wincenty\u0144sk\u0105 Tarcz\u0119 Antykryzysow\u0105<\/p>\n","protected":false},"author":1,"featured_media":0,"parent":0,"menu_order":0,"comment_status":"closed","ping_status":"closed","template":"","meta":{"_uag_custom_page_level_css":"","footnotes":""},"class_list":["post-120","page","type-page","status-publish","hentry"],"uagb_featured_image_src":{"full":false,"thumbnail":false,"medium":false,"medium_large":false,"large":false,"1536x1536":false,"2048x2048":false},"uagb_author_info":{"display_name":"majkel","author_link":"https:\/\/bsm-aic.pl\/nowa_strona\/index.php\/author\/majkel\/"},"uagb_comment_info":0,"uagb_excerpt":"BAZYLIKA POMAGA! Je\u017celi chcesz si\u0119 o nas dowiedzie\u0107 wi\u0119cej, zapraszamy na fanpage\u2019a na Facebook\u2019u naszej akcji poprzez klikni\u0119cie ni\u017cej ustawionego hashtagu lub poprzez kontakt telefoniczny na numer podany na plakacie od poniedzia\u0142ku do pi\u0105tku od 10:00 do 18:00.#BazylikaPomaga Poni\u017cej wstawiamy r\u00f3wnie\u017c Wincenty\u0144sk\u0105 Tarcz\u0119 Antykryzysow\u0105","_links":{"self":[{"href":"https:\/\/bsm-aic.pl\/nowa_strona\/index.php\/wp-json\/wp\/v2\/pages\/120","targetHints":{"allow":["GET"]}}],"collection":[{"href":"https:\/\/bsm-aic.pl\/nowa_strona\/index.php\/wp-json\/wp\/v2\/pages"}],"about":[{"href":"https:\/\/bsm-aic.pl\/nowa_strona\/index.php\/wp-json\/wp\/v2\/types\/page"}],"author":[{"embeddable":true,"href":"https:\/\/bsm-aic.pl\/nowa_strona\/index.php\/wp-json\/wp\/v2\/users\/1"}],"replies":[{"embeddable":true,"href":"https:\/\/bsm-aic.pl\/nowa_strona\/index.php\/wp-json\/wp\/v2\/comments?post=120"}],"version-history":[{"count":5,"href":"https:\/\/bsm-aic.pl\/nowa_strona\/index.php\/wp-json\/wp\/v2\/pages\/120\/revisions"}],"predecessor-version":[{"id":198,"href":"https:\/\/bsm-aic.pl\/nowa_strona\/index.php\/wp-json\/wp\/v2\/pages\/120\/revisions\/198"}],"wp:attachment":[{"href":"https:\/\/bsm-aic.pl\/nowa_strona\/index.php\/wp-json\/wp\/v2\/media?parent=120"}],"curies":[{"name":"wp","href":"https:\/\/api.w.org\/{rel}","templated":true}]}}