
{"id":122,"date":"2025-08-09T12:03:51","date_gmt":"2025-08-09T10:03:51","guid":{"rendered":"https:\/\/bsm-aic.pl\/nowa_strona\/?page_id=122"},"modified":"2025-09-17T18:27:52","modified_gmt":"2025-09-17T16:27:52","slug":"o-nas","status":"publish","type":"page","link":"https:\/\/bsm-aic.pl\/nowa_strona\/index.php\/o-nas\/","title":{"rendered":"O Nas"},"content":{"rendered":"\n<p class=\"has-text-align-center\">Bydgoskie Stowarzyszenie Mi\u0142osierdzia \u015aw. Wincentego a Paulo mie\u015bci si\u0119 w samym sercu grodu nad Brd\u0105, przy Bazylice prowadzonej przez Ksi\u0119\u017cy Misjonarzy. Stowarzyszenie swoje korzenie datuje na 1994 r. Od samego pocz\u0105tku zajmuje si\u0119 najbiedniejszymi i potrzebuj\u0105cymi pomocy. Co warto doda\u0107 w spos\u00f3b kompleksowy. Przez lata prowadzi sto\u0142\u00f3wk\u0119 dla bezdomnych, a tak\u017ce zajmuje si\u0119 wydawaniem odzie\u017cy. Dzisiaj z tej pomocy korzysta dziennie ponad 200 os\u00f3b. R\u00f3\u017cnorodne i&nbsp;ca\u0142o\u015bciowe wsparcie najubo\u017cszych opiera si\u0119 na innowacyjnych formach wychodzenia z bezdomno\u015bci. Nale\u017c\u0105 do nich:<\/p>\n\n\n\n<ul class=\"wp-block-list\">\n<li><a href=\"https:\/\/bsm-aic.pl\/stolowka\"><\/a><a href=\"https:\/\/bsm-aic.pl\/stolowka\"><\/a>STO\u0141\u00d3WKA DLA UBOGICH Wydajemy oko\u0142o 200 posi\u0142k\u00f3w dziennie i 37 ton \u017cywno\u015bci w ci\u0105gu roku, w kt\u00f3rej pomoc nios\u0105 zar\u00f3wno m\u0142odzie\u017c<\/li>\n<\/ul>\n\n\n\n<p><\/p>\n\n\n\n<ul class=\"wp-block-list\">\n<li><a href=\"https:\/\/bsm-aic.pl\/punkt-medyczny\"><\/a><a href=\"https:\/\/bsm-aic.pl\/punkt-medyczny\"><\/a>PUNKT MEDYCZNY\/APTEKA Punkt medyczny wraz z aptek\u0105 i ambulatorium (\u015brednia ilo\u015b\u0107 pacjent\u00f3w oko\u0142o 30 os\u00f3b miesi\u0119cznie).<\/li>\n<\/ul>\n\n\n\n<p><\/p>\n\n\n\n<ul class=\"wp-block-list\">\n<li><a href=\"https:\/\/bsm-aic.pl\/pomoc-prawna\"><\/a><a href=\"https:\/\/bsm-aic.pl\/pomoc-prawna\"><\/a>POMOC PRAWNA Dzi\u0119ki zaanga\u017cowaniu prawnik\u00f3w, miejsce to pomaga: wyj\u015b\u0107 z r\u00f3\u017cnego rodzaju k\u0142opot\u00f3w prawnych i finansowych.<\/li>\n<\/ul>\n\n\n\n<p><\/p>\n\n\n\n<ul class=\"wp-block-list\">\n<li><a href=\"https:\/\/bsm-aic.pl\/dary\"><\/a><a href=\"https:\/\/bsm-aic.pl\/dary\"><\/a>PUNKT WYDAWANIA DAR\u00d3W Wydajemy potrzebuj\u0105cym odzie\u017c, meble, sprz\u0119t AGD (oko\u0142o 15 ton).<\/li>\n<\/ul>\n\n\n\n<p><\/p>\n\n\n\n<ul class=\"wp-block-list\">\n<li><a href=\"https:\/\/bsm-aic.pl\/szkolenia\"><\/a><a href=\"https:\/\/bsm-aic.pl\/szkolenia\"><\/a>SZKOLENIA Od kilku lat organizujemy r\u00f3wnie\u017c spotkania o charakterze szkoleniowym w zakresie: higieny, zdrowia.<\/li>\n<\/ul>\n\n\n\n<p><\/p>\n\n\n\n<ul class=\"wp-block-list\">\n<li><a href=\"https:\/\/bsm-aic.pl\/wyjazdy\"><\/a><a href=\"https:\/\/bsm-aic.pl\/wyjazdy\"><\/a>WYJAZDY\/INTEGRACJA Aran\u017cowanie wsp\u00f3lnych wyjazd\u00f3w integracyjnych dwa razy w roku, a tak\u017ce rekolekcji Wielkopostnych z mo\u017cliwo\u015bci\u0105 spowiedzi.<\/li>\n<\/ul>\n","protected":false},"excerpt":{"rendered":"<p>Bydgoskie Stowarzyszenie Mi\u0142osierdzia \u015aw. Wincentego a Paulo mie\u015bci si\u0119 w samym sercu grodu nad Brd\u0105, przy Bazylice prowadzonej przez Ksi\u0119\u017cy Misjonarzy. Stowarzyszenie swoje korzenie datuje na 1994 r. Od samego pocz\u0105tku zajmuje si\u0119 najbiedniejszymi i potrzebuj\u0105cymi pomocy. Co warto doda\u0107 w spos\u00f3b kompleksowy. Przez lata prowadzi sto\u0142\u00f3wk\u0119 dla bezdomnych, a tak\u017ce zajmuje si\u0119 wydawaniem odzie\u017cy. [&hellip;]<\/p>\n","protected":false},"author":1,"featured_media":0,"parent":0,"menu_order":0,"comment_status":"closed","ping_status":"closed","template":"","meta":{"_uag_custom_page_level_css":"","footnotes":""},"class_list":["post-122","page","type-page","status-publish","hentry"],"uagb_featured_image_src":{"full":false,"thumbnail":false,"medium":false,"medium_large":false,"large":false,"1536x1536":false,"2048x2048":false},"uagb_author_info":{"display_name":"majkel","author_link":"https:\/\/bsm-aic.pl\/nowa_strona\/index.php\/author\/majkel\/"},"uagb_comment_info":0,"uagb_excerpt":"Bydgoskie Stowarzyszenie Mi\u0142osierdzia \u015aw. Wincentego a Paulo mie\u015bci si\u0119 w samym sercu grodu nad Brd\u0105, przy Bazylice prowadzonej przez Ksi\u0119\u017cy Misjonarzy. Stowarzyszenie swoje korzenie datuje na 1994 r. Od samego pocz\u0105tku zajmuje si\u0119 najbiedniejszymi i potrzebuj\u0105cymi pomocy. Co warto doda\u0107 w spos\u00f3b kompleksowy. Przez lata prowadzi sto\u0142\u00f3wk\u0119 dla bezdomnych, a tak\u017ce zajmuje si\u0119 wydawaniem odzie\u017cy.&hellip;","_links":{"self":[{"href":"https:\/\/bsm-aic.pl\/nowa_strona\/index.php\/wp-json\/wp\/v2\/pages\/122","targetHints":{"allow":["GET"]}}],"collection":[{"href":"https:\/\/bsm-aic.pl\/nowa_strona\/index.php\/wp-json\/wp\/v2\/pages"}],"about":[{"href":"https:\/\/bsm-aic.pl\/nowa_strona\/index.php\/wp-json\/wp\/v2\/types\/page"}],"author":[{"embeddable":true,"href":"https:\/\/bsm-aic.pl\/nowa_strona\/index.php\/wp-json\/wp\/v2\/users\/1"}],"replies":[{"embeddable":true,"href":"https:\/\/bsm-aic.pl\/nowa_strona\/index.php\/wp-json\/wp\/v2\/comments?post=122"}],"version-history":[{"count":3,"href":"https:\/\/bsm-aic.pl\/nowa_strona\/index.php\/wp-json\/wp\/v2\/pages\/122\/revisions"}],"predecessor-version":[{"id":499,"href":"https:\/\/bsm-aic.pl\/nowa_strona\/index.php\/wp-json\/wp\/v2\/pages\/122\/revisions\/499"}],"wp:attachment":[{"href":"https:\/\/bsm-aic.pl\/nowa_strona\/index.php\/wp-json\/wp\/v2\/media?parent=122"}],"curies":[{"name":"wp","href":"https:\/\/api.w.org\/{rel}","templated":true}]}}