
{"id":126,"date":"2025-08-09T12:04:18","date_gmt":"2025-08-09T10:04:18","guid":{"rendered":"https:\/\/bsm-aic.pl\/nowa_strona\/?page_id=126"},"modified":"2025-11-14T21:15:15","modified_gmt":"2025-11-14T20:15:15","slug":"kontakt","status":"publish","type":"page","link":"https:\/\/bsm-aic.pl\/nowa_strona\/index.php\/kontakt\/","title":{"rendered":"Kontakt"},"content":{"rendered":"\n<h2 class=\"wp-block-heading\">Wa\u017cne kontakty<\/h2>\n\n\n\n<p>Mo\u017cesz si\u0119 z nami skontaktowa\u0107 za pomoc\u0105 formularza kontaktowego:<br><\/p>\n\n\n<div class=\"forminator-ui forminator-custom-form forminator-custom-form-287 forminator-design--bold  forminator_ajax\" data-forminator-render=\"0\" data-form=\"forminator-module-287\" data-uid=\"69e1e37a81bcb\"><br\/><\/div><form\n\t\t\t\tid=\"forminator-module-287\"\n\t\t\t\tclass=\"forminator-ui forminator-custom-form forminator-custom-form-287 forminator-design--bold  forminator_ajax\"\n\t\t\t\tmethod=\"post\"\n\t\t\t\tdata-forminator-render=\"0\"\n\t\t\t\tdata-form-id=\"287\"\n\t\t\t\t data-color-option=\"theme\" data-design=\"bold\" data-grid=\"open\" style=\"display: none;\"\n\t\t\t\tdata-uid=\"69e1e37a81bcb\"\n\t\t\t><div role=\"alert\" aria-live=\"polite\" class=\"forminator-response-message forminator-error\" aria-hidden=\"true\"><\/div><div class=\"forminator-row\"><div id=\"checkbox-1\" class=\"forminator-field-checkbox forminator-col forminator-col-12 \"><div role=\"group\" class=\"forminator-field\" aria-labelledby=\"forminator-checkbox-group-forminator-field-checkbox-1-69e1e37a81bcb-label\"><span id=\"forminator-checkbox-group-forminator-field-checkbox-1-69e1e37a81bcb-label\" class=\"forminator-label\">Wybierz Temat:<\/span><label id=\"forminator-field-checkbox-1-1-69e1e37a81bcb-label\" for=\"forminator-field-checkbox-1-1-69e1e37a81bcb\" class=\"forminator-checkbox\" title=\"Pomoc Materialna\"><input type=\"checkbox\" name=\"checkbox-1[]\" value=\"one\" id=\"forminator-field-checkbox-1-1-69e1e37a81bcb\" aria-labelledby=\"forminator-field-checkbox-1-1-69e1e37a81bcb-label\" data-calculation=\"0\"   data-hidden-behavior=\"zero\"\/><span class=\"forminator-checkbox-box\" aria-hidden=\"true\"><\/span><span class=\"forminator-checkbox-label\">Pomoc Materialna<\/span><\/label><label id=\"forminator-field-checkbox-1-2-69e1e37a81bcb-label\" for=\"forminator-field-checkbox-1-2-69e1e37a81bcb\" class=\"forminator-checkbox\" title=\"Pomoc Terapeutyczna\"><input type=\"checkbox\" name=\"checkbox-1[]\" value=\"two\" id=\"forminator-field-checkbox-1-2-69e1e37a81bcb\" aria-labelledby=\"forminator-field-checkbox-1-2-69e1e37a81bcb-label\" data-calculation=\"0\"   data-hidden-behavior=\"zero\"\/><span class=\"forminator-checkbox-box\" aria-hidden=\"true\"><\/span><span class=\"forminator-checkbox-label\">Pomoc Terapeutyczna<\/span><\/label><label id=\"forminator-field-checkbox-1-3-69e1e37a81bcb-label\" for=\"forminator-field-checkbox-1-3-69e1e37a81bcb\" class=\"forminator-checkbox\" title=\"Jak zosta\u0107 wolontariuszem?\"><input type=\"checkbox\" name=\"checkbox-1[]\" value=\"Jak-zosta\u0107-wolontariuszem?\" id=\"forminator-field-checkbox-1-3-69e1e37a81bcb\" aria-labelledby=\"forminator-field-checkbox-1-3-69e1e37a81bcb-label\" data-calculation=\"0\"   data-hidden-behavior=\"zero\"\/><span class=\"forminator-checkbox-box\" aria-hidden=\"true\"><\/span><span class=\"forminator-checkbox-label\">Jak zosta\u0107 wolontariuszem?<\/span><\/label><\/div><\/div><\/div><div class=\"forminator-row\"><div id=\"name-1\" class=\"forminator-field-name forminator-col forminator-col-12 \"><div class=\"forminator-field\"><label for=\"forminator-field-name-1_69e1e37a81bcb\" id=\"forminator-field-name-1_69e1e37a81bcb-label\" class=\"forminator-label\">Imi\u0119 i Nazwisko<\/label><input type=\"text\" name=\"name-1\" value=\"\" placeholder=\"\" id=\"forminator-field-name-1_69e1e37a81bcb\" class=\"forminator-input forminator-name--field\" aria-required=\"false\" autocomplete=\"name\" \/><\/div><\/div><\/div><div class=\"forminator-row\"><div id=\"email-1\" class=\"forminator-field-email forminator-col forminator-col-12 \"><div class=\"forminator-field\"><label for=\"forminator-field-email-1_69e1e37a81bcb\" id=\"forminator-field-email-1_69e1e37a81bcb-label\" class=\"forminator-label\">Adres e-mail kontaktowy<\/label><input type=\"email\" name=\"email-1\" value=\"\" placeholder=\"\" id=\"forminator-field-email-1_69e1e37a81bcb\" class=\"forminator-input forminator-email--field\" data-required=\"\" aria-required=\"false\" autocomplete=\"email\" \/><\/div><\/div><\/div><div class=\"forminator-row\"><div id=\"textarea-1\" class=\"forminator-field-textarea forminator-col forminator-col-12 \"><div class=\"forminator-field\"><label for=\"forminator-field-textarea-1_69e1e37a81bcb\" id=\"forminator-field-textarea-1_69e1e37a81bcb-label\" class=\"forminator-label\">Tekst<\/label><textarea name=\"textarea-1\" placeholder=\"\" id=\"forminator-field-textarea-1_69e1e37a81bcb\" class=\"forminator-textarea\" rows=\"6\" style=\"min-height:140px;\" ><\/textarea><\/div><\/div><\/div><div class=\"forminator-row\"><div id=\"captcha-1\" class=\"forminator-field-captcha forminator-col forminator-col-12 \"><div class=\"forminator-captcha-left forminator-g-recaptcha\" data-theme=\"light\"  data-sitekey=\"6LeywuErAAAAAPisTMDO2zlzNxcIdSpi2NWfLC0k\" data-size=\"normal\"><\/div> <\/div><\/div><input type=\"hidden\" name=\"referer_url\" value=\"\" \/><div class=\"forminator-row forminator-row-last\"><div class=\"forminator-col\"><div class=\"forminator-field\"><button class=\"forminator-button forminator-button-submit\">Wy\u015blij<\/button><\/div><\/div><\/div><input type=\"hidden\" id=\"forminator_nonce\" name=\"forminator_nonce\" value=\"ff39b59d47\" \/><input type=\"hidden\" name=\"_wp_http_referer\" value=\"\/nowa_strona\/index.php\/wp-json\/wp\/v2\/pages\/126\" \/><input type=\"hidden\" name=\"form_id\" value=\"287\"><input type=\"hidden\" name=\"page_id\" value=\"126\"><input type=\"hidden\" name=\"form_type\" value=\"default\"><input type=\"hidden\" name=\"current_url\" value=\"https:\/\/bsm-aic.pl\/nowa_strona\/index.php\/kontakt\/\"><input type=\"hidden\" name=\"render_id\" value=\"0\"><input type=\"hidden\" name=\"action\" value=\"forminator_submit_form_custom-forms\"><label for=\"input_5\" class=\"forminator-hidden\" aria-hidden=\"true\">Prosz\u0119 nie wype\u0142nia\u0107 tego pola. <input id=\"input_5\" type=\"text\" name=\"input_5\" value=\"\" autocomplete=\"off\"><\/label><\/form>\n\n\n\n<p>Wa\u017cne kontakty:<br>\u00bb email:\u00a0<a href=\"mailto:ogrzewalnia@bsm-aic.pl\">ogrzewalnia@bsm-aic.pl<\/a>, tel:\u00a0<a href=\"tel:+48508226294\">789 043 230<\/a>\u00a0&#8211; opiekun Ogrzewalni &#8211;\u00a0<strong>Ks. Andrzej Rybka CM<\/strong>,<\/p>\n\n\n\n<p>\u00bb email:&nbsp;<a href=\"mailto:manager@bsm-aic.pl\">manager@bsm-aic.pl<\/a>, tel:&nbsp;<a href=\"tel:+48504679654\">504 679 654<\/a>&nbsp;&#8211; opiekunka magazynu i ch\u0142odni Stowarzyszenia, odpowiada za wydawanie \u017cywno\u015bci d\u0142ugoterminowej (paczek) &#8211;&nbsp;<strong>P. El\u017cbieta W\u0105cek<\/strong>,<\/p>\n\n\n\n<p>\u00bb email:&nbsp;<a href=\"mailto:ksiegowosc@bsm-aic.pl\">ksiegowosc@bsm-aic.pl<\/a>&nbsp;&#8211; opiekun od darowizn i spraw ksi\u0119gowych &#8211;&nbsp;<strong>P. Krzysztof Karandyszowski<\/strong>,<\/p>\n\n\n\n<p>\u00bb email:\u00a0<a href=\"mailto:biuro@bsm-aic.pl\">biuro@bsm-aic.pl<\/a>, tel:\u00a0<a href=\"tel:+48789043230\"><a href=\"tel:+48504679654\">504 679 654<\/a><\/a>\u00a0&#8211; opiekun biura <strong>P. El\u017cbieta W\u0105cek<\/strong>, wolontariatu\u00a0<strong>#BazylikaPomaga<\/strong>, wydawania ciep\u0142ego posi\u0142ku oraz rady Stowarzyszenia &#8211; na ten adres mailowy mo\u017cesz napisa\u0107 u\u017cywaj\u0105c niniejszego formularza.<\/p>\n\n\n\n<p>\u00bb email:\u00a0haslobazylikapomaga@gmail.com wolontariat\u00a0<strong>#BazylikaPomaga<\/strong> <a href=\"https:\/\/www.facebook.com\/bsm.aic\" target=\"_blank\" rel=\"noreferrer noopener\"><\/a><\/p>\n\n\n\n<p>\u00bb tel:&nbsp;<a href=\"tel:+48789043230\">519 482 729<\/a>&nbsp;&#8211; opiekun <a href=\"https:\/\/www.facebook.com\/dziekiwam\/?locale=nl_NL\">Sklepu Charytatywnego<\/a><a href=\"https:\/\/www.facebook.com\/bsm.aic\" target=\"_blank\" rel=\"noreferrer noopener\"><\/a><\/p>\n\n\n\n<p>\u00bb tel:&nbsp;<a href=\"tel:+48519318713\" data-type=\"tel\" data-id=\"tel:+48519318713\">519 318 713<\/a>&#8211; opiekun Domu na \u015aw. Ma\u0142gorzaty Alacoque<a href=\"https:\/\/www.facebook.com\/bsm.aic\" target=\"_blank\" rel=\"noreferrer noopener\"><\/a><\/p>\n\n\n\n<p><\/p>\n","protected":false},"excerpt":{"rendered":"<p>Wa\u017cne kontakty Mo\u017cesz si\u0119 z nami skontaktowa\u0107 za pomoc\u0105 formularza kontaktowego: Wa\u017cne kontakty:\u00bb email:\u00a0ogrzewalnia@bsm-aic.pl, tel:\u00a0789 043 230\u00a0&#8211; opiekun Ogrzewalni &#8211;\u00a0Ks. Andrzej Rybka CM, \u00bb email:&nbsp;manager@bsm-aic.pl, tel:&nbsp;504 679 654&nbsp;&#8211; opiekunka magazynu i ch\u0142odni Stowarzyszenia, odpowiada za wydawanie \u017cywno\u015bci d\u0142ugoterminowej (paczek) &#8211;&nbsp;P. El\u017cbieta W\u0105cek, \u00bb email:&nbsp;ksiegowosc@bsm-aic.pl&nbsp;&#8211; opiekun od darowizn i spraw ksi\u0119gowych &#8211;&nbsp;P. Krzysztof Karandyszowski, \u00bb email:\u00a0biuro@bsm-aic.pl, [&hellip;]<\/p>\n","protected":false},"author":1,"featured_media":0,"parent":0,"menu_order":0,"comment_status":"closed","ping_status":"closed","template":"","meta":{"_uag_custom_page_level_css":"","footnotes":""},"class_list":["post-126","page","type-page","status-publish","hentry"],"uagb_featured_image_src":{"full":false,"thumbnail":false,"medium":false,"medium_large":false,"large":false,"1536x1536":false,"2048x2048":false},"uagb_author_info":{"display_name":"majkel","author_link":"https:\/\/bsm-aic.pl\/nowa_strona\/index.php\/author\/majkel\/"},"uagb_comment_info":0,"uagb_excerpt":"Wa\u017cne kontakty Mo\u017cesz si\u0119 z nami skontaktowa\u0107 za pomoc\u0105 formularza kontaktowego: Wa\u017cne kontakty:\u00bb email:\u00a0ogrzewalnia@bsm-aic.pl, tel:\u00a0789 043 230\u00a0&#8211; opiekun Ogrzewalni &#8211;\u00a0Ks. Andrzej Rybka CM, \u00bb email:&nbsp;manager@bsm-aic.pl, tel:&nbsp;504 679 654&nbsp;&#8211; opiekunka magazynu i ch\u0142odni Stowarzyszenia, odpowiada za wydawanie \u017cywno\u015bci d\u0142ugoterminowej (paczek) &#8211;&nbsp;P. El\u017cbieta W\u0105cek, \u00bb email:&nbsp;ksiegowosc@bsm-aic.pl&nbsp;&#8211; opiekun od darowizn i spraw ksi\u0119gowych &#8211;&nbsp;P. Krzysztof Karandyszowski, \u00bb email:\u00a0biuro@bsm-aic.pl,&hellip;","_links":{"self":[{"href":"https:\/\/bsm-aic.pl\/nowa_strona\/index.php\/wp-json\/wp\/v2\/pages\/126","targetHints":{"allow":["GET"]}}],"collection":[{"href":"https:\/\/bsm-aic.pl\/nowa_strona\/index.php\/wp-json\/wp\/v2\/pages"}],"about":[{"href":"https:\/\/bsm-aic.pl\/nowa_strona\/index.php\/wp-json\/wp\/v2\/types\/page"}],"author":[{"embeddable":true,"href":"https:\/\/bsm-aic.pl\/nowa_strona\/index.php\/wp-json\/wp\/v2\/users\/1"}],"replies":[{"embeddable":true,"href":"https:\/\/bsm-aic.pl\/nowa_strona\/index.php\/wp-json\/wp\/v2\/comments?post=126"}],"version-history":[{"count":7,"href":"https:\/\/bsm-aic.pl\/nowa_strona\/index.php\/wp-json\/wp\/v2\/pages\/126\/revisions"}],"predecessor-version":[{"id":595,"href":"https:\/\/bsm-aic.pl\/nowa_strona\/index.php\/wp-json\/wp\/v2\/pages\/126\/revisions\/595"}],"wp:attachment":[{"href":"https:\/\/bsm-aic.pl\/nowa_strona\/index.php\/wp-json\/wp\/v2\/media?parent=126"}],"curies":[{"name":"wp","href":"https:\/\/api.w.org\/{rel}","templated":true}]}}