
{"id":26,"date":"2025-08-05T20:09:47","date_gmt":"2025-08-05T18:09:47","guid":{"rendered":"https:\/\/bsm-aic.pl\/nowa_strona\/?page_id=26"},"modified":"2026-02-16T20:52:15","modified_gmt":"2026-02-16T19:52:15","slug":"wizytowka","status":"publish","type":"page","link":"https:\/\/bsm-aic.pl\/nowa_strona\/index.php\/wizytowka\/","title":{"rendered":"Wizyt\u00f3wka"},"content":{"rendered":"\n<h1 class=\"wp-block-heading\"><\/h1>\n\n\n\n<p>Kochani! Wa\u017cna informacja dotycz\u0105ca 1,5% w tym roku <img loading=\"lazy\" decoding=\"async\" height=\"16\" width=\"16\" alt=\"\ud83d\udce2\" src=\"https:\/\/static.xx.fbcdn.net\/images\/emoji.php\/v9\/td8\/2\/16\/1f4e2.png\"><\/p>\n\n\n\n<p>Ze wzgl\u0119d\u00f3w formalnych, w obecnym okresie rozliczeniowym nasze zbi\u00f3rki z 1,5% podatku realizujemy przy u\u017cyciu numeru KRS naszej centrali. To rozwi\u0105zanie techniczne, kt\u00f3re pozwala nam dalej dzia\u0142a\u0107 pe\u0142n\u0105 par\u0105!<\/p>\n\n\n\n<p>Dla Was zmienia si\u0119 tylko numer do wpisania, cel pozostaje ten sam \u2013 pomoc, kt\u00f3r\u0105 niesie Bazylika.<\/p>\n\n\n\n<p>Aby \u015brodki trafi\u0142y do nas, prosimy o wpisanie:<\/p>\n\n\n\n<p>Numer KRS: 0000175353<\/p>\n\n\n\n<p>Cel szczeg\u00f3\u0142owy: Bazylika Pomaga (to najwa\u017cniejszy punkt!)<\/p>\n\n\n\n<p>Dzi\u0119kujemy za Wasz\u0105 wyrozumia\u0142o\u015b\u0107 i wsparcie!<\/p>\n\n\n\n<p><\/p>\n\n\n\n<p><\/p>\n\n\n\n<div class=\"wp-block-group is-layout-grid wp-container-core-group-is-layout-2994b392 wp-block-group-is-layout-grid\">\n<figure class=\"wp-block-image size-thumbnail is-style-default\"><img loading=\"lazy\" decoding=\"async\" width=\"150\" height=\"150\" src=\"https:\/\/bsm-aic.pl\/nowa_strona\/wp-content\/uploads\/2025\/08\/operator_8599110-150x150.png\" alt=\"\" class=\"wp-image-182\" srcset=\"https:\/\/bsm-aic.pl\/nowa_strona\/wp-content\/uploads\/2025\/08\/operator_8599110-150x150.png 150w, https:\/\/bsm-aic.pl\/nowa_strona\/wp-content\/uploads\/2025\/08\/operator_8599110-300x300.png 300w, https:\/\/bsm-aic.pl\/nowa_strona\/wp-content\/uploads\/2025\/08\/operator_8599110.png 512w\" sizes=\"auto, (max-width: 150px) 100vw, 150px\" \/><\/figure>\n\n\n\n<p class=\"has-text-align-center wp-container-content-7ed1b8cc\"><strong>Bydgoskie Stowarzyszenie Mi\u0142osierdzia \u015aw. Wincentego a Paulo<br><\/strong>Aleje Ossoli\u0144skich 2, 85-093 Bydgoszcz<br><br><strong>Zarz\u0105d:<\/strong><br>Prezes Ks. S\u0142awomir Bar CM<br>Wiceprezes Ks. Maciej Musielak CM<br>Sekretarz Krzysztof Wi\u015bniewski<br><br><\/p>\n<\/div>\n\n\n\n<div class=\"wp-block-group is-layout-grid wp-container-core-group-is-layout-bae6891b wp-block-group-is-layout-grid\">\n<figure class=\"wp-block-image size-thumbnail\"><img loading=\"lazy\" decoding=\"async\" width=\"150\" height=\"150\" src=\"https:\/\/bsm-aic.pl\/nowa_strona\/wp-content\/uploads\/2025\/08\/jpeg-150x150.png\" alt=\"\" class=\"wp-image-179\" srcset=\"https:\/\/bsm-aic.pl\/nowa_strona\/wp-content\/uploads\/2025\/08\/jpeg-150x150.png 150w, https:\/\/bsm-aic.pl\/nowa_strona\/wp-content\/uploads\/2025\/08\/jpeg-300x300.png 300w, https:\/\/bsm-aic.pl\/nowa_strona\/wp-content\/uploads\/2025\/08\/jpeg-768x768.png 768w, https:\/\/bsm-aic.pl\/nowa_strona\/wp-content\/uploads\/2025\/08\/jpeg.png 1024w\" sizes=\"auto, (max-width: 150px) 100vw, 150px\" \/><\/figure>\n\n\n\n<p class=\"has-text-align-center\">KRS: 0000067399 | <br>NIP: 5542319700 | <br>REGON: 091355560 |<br><strong>Nr konta:<\/strong>&nbsp;48 1240 1183 1111 0010 7176 7241<\/p>\n<\/div>\n\n\n\n<div class=\"wp-block-group is-layout-grid wp-container-core-group-is-layout-bae6891b wp-block-group-is-layout-grid\">\n<figure class=\"wp-block-image size-thumbnail\"><img loading=\"lazy\" decoding=\"async\" width=\"150\" height=\"150\" src=\"https:\/\/bsm-aic.pl\/nowa_strona\/wp-content\/uploads\/2025\/08\/message_7884210-150x150.png\" alt=\"\" class=\"wp-image-183\" srcset=\"https:\/\/bsm-aic.pl\/nowa_strona\/wp-content\/uploads\/2025\/08\/message_7884210-150x150.png 150w, https:\/\/bsm-aic.pl\/nowa_strona\/wp-content\/uploads\/2025\/08\/message_7884210-300x300.png 300w, https:\/\/bsm-aic.pl\/nowa_strona\/wp-content\/uploads\/2025\/08\/message_7884210.png 512w\" sizes=\"auto, (max-width: 150px) 100vw, 150px\" \/><\/figure>\n\n\n\n<p class=\"has-text-align-center\">Biuro\/Manager:+48 504 679 654<br>Ogrzewalnia: +48 789 043 230<br><br>ogrzewalnia@bsm-aic.pl<br>ksi\u0119gowosc@bsm-aic.pl<br>manager@bsm-aic.pl<br>biuro@bsm-aic.pl<\/p>\n<\/div>\n\n\n\n<p><\/p>\n","protected":false},"excerpt":{"rendered":"<p>Kochani! Wa\u017cna informacja dotycz\u0105ca 1,5% w tym roku Ze wzgl\u0119d\u00f3w formalnych, w obecnym okresie rozliczeniowym nasze zbi\u00f3rki z 1,5% podatku realizujemy przy u\u017cyciu numeru KRS naszej centrali. To rozwi\u0105zanie techniczne, kt\u00f3re pozwala nam dalej dzia\u0142a\u0107 pe\u0142n\u0105 par\u0105! Dla Was zmienia si\u0119 tylko numer do wpisania, cel pozostaje ten sam \u2013 pomoc, kt\u00f3r\u0105 niesie Bazylika. Aby [&hellip;]<\/p>\n","protected":false},"author":1,"featured_media":0,"parent":0,"menu_order":0,"comment_status":"closed","ping_status":"closed","template":"","meta":{"_uag_custom_page_level_css":"","footnotes":""},"class_list":["post-26","page","type-page","status-publish","hentry"],"uagb_featured_image_src":{"full":false,"thumbnail":false,"medium":false,"medium_large":false,"large":false,"1536x1536":false,"2048x2048":false},"uagb_author_info":{"display_name":"majkel","author_link":"https:\/\/bsm-aic.pl\/nowa_strona\/index.php\/author\/majkel\/"},"uagb_comment_info":0,"uagb_excerpt":"Kochani! Wa\u017cna informacja dotycz\u0105ca 1,5% w tym roku Ze wzgl\u0119d\u00f3w formalnych, w obecnym okresie rozliczeniowym nasze zbi\u00f3rki z 1,5% podatku realizujemy przy u\u017cyciu numeru KRS naszej centrali. To rozwi\u0105zanie techniczne, kt\u00f3re pozwala nam dalej dzia\u0142a\u0107 pe\u0142n\u0105 par\u0105! Dla Was zmienia si\u0119 tylko numer do wpisania, cel pozostaje ten sam \u2013 pomoc, kt\u00f3r\u0105 niesie Bazylika. Aby&hellip;","_links":{"self":[{"href":"https:\/\/bsm-aic.pl\/nowa_strona\/index.php\/wp-json\/wp\/v2\/pages\/26","targetHints":{"allow":["GET"]}}],"collection":[{"href":"https:\/\/bsm-aic.pl\/nowa_strona\/index.php\/wp-json\/wp\/v2\/pages"}],"about":[{"href":"https:\/\/bsm-aic.pl\/nowa_strona\/index.php\/wp-json\/wp\/v2\/types\/page"}],"author":[{"embeddable":true,"href":"https:\/\/bsm-aic.pl\/nowa_strona\/index.php\/wp-json\/wp\/v2\/users\/1"}],"replies":[{"embeddable":true,"href":"https:\/\/bsm-aic.pl\/nowa_strona\/index.php\/wp-json\/wp\/v2\/comments?post=26"}],"version-history":[{"count":13,"href":"https:\/\/bsm-aic.pl\/nowa_strona\/index.php\/wp-json\/wp\/v2\/pages\/26\/revisions"}],"predecessor-version":[{"id":792,"href":"https:\/\/bsm-aic.pl\/nowa_strona\/index.php\/wp-json\/wp\/v2\/pages\/26\/revisions\/792"}],"wp:attachment":[{"href":"https:\/\/bsm-aic.pl\/nowa_strona\/index.php\/wp-json\/wp\/v2\/media?parent=26"}],"curies":[{"name":"wp","href":"https:\/\/api.w.org\/{rel}","templated":true}]}}